{"id":937,"date":"2025-06-24T16:04:31","date_gmt":"2025-06-24T16:04:31","guid":{"rendered":"https:\/\/elimpenetrable.org\/?page_id=937"},"modified":"2025-07-07T02:17:54","modified_gmt":"2025-07-07T02:17:54","slug":"recomendaciones-2","status":"publish","type":"page","link":"https:\/\/elimpenetrable.org\/en\/recomendaciones-2\/","title":{"rendered":"Recomendaciones"},"content":{"rendered":"<section id=\"enca\" data-vc-full-width=\"true\" data-vc-full-width-init=\"false\" class=\"vc_section encabezado vc_custom_1750781137826 vc_section-has-fill vc_section-o-content-top vc_section-flex\"><div data-vc-full-width=\"true\" data-vc-full-width-init=\"false\" data-vc-stretch-content=\"true\" class=\"vc_row wpb_row vc_row-fluid vc_custom_1657223524606 vc_row-o-content-middle vc_row-flex\"><div class=\"wpb_column vc_column_container vc_col-sm-12 vc_col-lg-offset-3 vc_col-lg-6 vc_col-md-offset-2 vc_col-md-8 vc_col-xs-12\"><div class=\"vc_column-inner\"><div class=\"wpb_wrapper\">\n\t<div class=\"wpb_text_column wpb_content_element  wpb_animate_when_almost_visible wpb_fadeIn fadeIn blanco basic\" >\n\t\t<div class=\"wpb_wrapper\">\n\t\t\t<h1 class=\"blanco\" style=\"text-align: center; font-family: 'Basic-Sans';\">Recomendaciones<\/h1>\n\n\t\t<\/div>\n\t<\/div>\n\n\t<div class=\"wpb_text_column wpb_content_element  wpb_animate_when_almost_visible wpb_fadeIn fadeIn blanco basic hidden\" >\n\t\t<div class=\"wpb_wrapper\">\n\t\t\t<p><span style=\"font-weight: 400;\">Una visita con compromiso<\/span><\/p>\n\n\t\t<\/div>\n\t<\/div>\n<\/div><\/div><\/div><\/div><div class=\"vc_row-full-width vc_clearfix\"><\/div><\/section><div class=\"vc_row-full-width vc_clearfix\"><\/div><section id=\"dormir\" data-vc-full-width=\"true\" data-vc-full-width-init=\"false\" data-vc-stretch-content=\"true\" class=\"vc_section vc_custom_1656944616676 vc_section-o-content-top vc_section-flex\"><div class=\"vc_row wpb_row vc_row-fluid\"><div class=\"wpb_column vc_column_container vc_col-sm-8 vc_col-lg-offset-2 vc_col-lg-8 vc_col-md-offset-2 vc_col-md-8 vc_col-sm-offset-1 vc_col-xs-offset-1 vc_col-xs-10\"><div class=\"vc_column-inner\"><div class=\"wpb_wrapper\"><div class=\"vc_empty_space\"   style=\"height: 5vh\"><span class=\"vc_empty_space_inner\"><\/span><\/div><h2 style=\"font-size: 1.875rem;color: #000000;text-align: center\" class=\"vc_custom_heading light basic negro\" >Recommendations for maintaining the natural beauty and ecosystemic health of the region of El Impenetrable National Park and enjoying this tourist destination to the fullest:<\/h2><div class=\"vc_empty_space\"   style=\"height: 5vh\"><span class=\"vc_empty_space_inner\"><\/span><\/div><\/div><\/div><\/div><\/div><div class=\"vc_row wpb_row vc_row-fluid\"><div class=\"wpb_column vc_column_container vc_col-sm-10 vc_col-lg-offset-1 vc_col-lg-10 vc_col-md-offset-1 vc_col-md-10 vc_col-xs-offset-1 vc_col-xs-10\"><div class=\"vc_column-inner\"><div class=\"wpb_wrapper\"><div class=\"vc_tta-container\" data-vc-action=\"collapse\" id=\"accordeon1\"><div class=\"vc_general vc_tta vc_tta-accordion vc_tta-color-white vc_tta-style-classic vc_tta-shape-rounded vc_tta-o-shape-group vc_tta-controls-align-center vc_tta-o-no-fill\"><div class=\"vc_tta-panels-container\"><div class=\"vc_tta-panels\"><div class=\"vc_tta-panel vc_active\" id=\"1750780808824-5ed2debf-920f\" data-vc-content=\".vc_tta-panel-body\"><div class=\"vc_tta-panel-heading\"><h4 class=\"vc_tta-panel-title vc_tta-controls-icon-position-left\"><a href=\"#1750780808824-5ed2debf-920f\" data-vc-accordion data-vc-container=\".vc_tta-container\"><span class=\"vc_tta-title-text\">\u00bfCu\u00e1ndo visitar?<\/span><i class=\"vc_tta-controls-icon vc_tta-controls-icon-plus\"><\/i><\/a><\/h4><\/div><div class=\"vc_tta-panel-body\"><div class=\"vc_row wpb_row vc_inner vc_row-fluid vc_custom_1750901088593\"><div class=\"wpb_column vc_column_container vc_col-sm-6\"><div class=\"vc_column-inner\"><div class=\"wpb_wrapper\">\n\t<div class=\"wpb_text_column wpb_content_element\" >\n\t\t<div class=\"wpb_wrapper\">\n\t\t\t<p><strong>Abril a noviembre<\/strong> es la \u00e9poca de menos lluvias y cuando vas a encontrar todos los servicios abiertos.<\/p>\n\n\t\t<\/div>\n\t<\/div>\n<\/div><\/div><\/div><div class=\"wpb_column vc_column_container vc_col-sm-6\"><div class=\"vc_column-inner\"><div class=\"wpb_wrapper\">\n\t<div class=\"wpb_text_column wpb_content_element\" >\n\t\t<div class=\"wpb_wrapper\">\n\t\t\t<p>De diciembre a marzo el parque nacional se encuentra abierto. Esta es la \u00e9poca de lluvias frecuentes, por lo que es recomendable el acceso con 4&#215;4. Consult\u00e1 previamente por los servicios disponibles.<\/p>\n\n\t\t<\/div>\n\t<\/div>\n<\/div><\/div><\/div><\/div><\/div><\/div><div class=\"vc_tta-panel\" id=\"1750780808836-2ba97534-95c0\" data-vc-content=\".vc_tta-panel-body\"><div class=\"vc_tta-panel-heading\"><h4 class=\"vc_tta-panel-title vc_tta-controls-icon-position-left\"><a href=\"#1750780808836-2ba97534-95c0\" data-vc-accordion data-vc-container=\".vc_tta-container\"><span class=\"vc_tta-title-text\">Caminos y accesos<\/span><i class=\"vc_tta-controls-icon vc_tta-controls-icon-plus\"><\/i><\/a><\/h4><\/div><div class=\"vc_tta-panel-body\"><div class=\"vc_row wpb_row vc_inner vc_row-fluid vc_custom_1750783735835\"><div class=\"wpb_column vc_column_container vc_col-sm-6\"><div class=\"vc_column-inner\"><div class=\"wpb_wrapper\">\n\t<div class=\"wpb_text_column wpb_content_element\" >\n\t\t<div class=\"wpb_wrapper\">\n\t\t\t<p><span style=\"font-weight: 400;\">Los caminos de tierra son accesibles para autos y camionetas 4&#215;2 (tracci\u00f3n simple) en \u00e9poca de precipitaciones escasas (entre junio y noviembre). De todas formas, te recomendamos consultar el estado de los caminos antes de llegar a las rutas de tierra.<\/span><\/p>\n\n\t\t<\/div>\n\t<\/div>\n\n\t<div class=\"wpb_text_column wpb_content_element\" >\n\t\t<div class=\"wpb_wrapper\">\n\t\t\t<p><span style=\"font-weight: 400;\">Asegurate de contar con rueda de auxilio y prest\u00e1 especial atenci\u00f3n a las espinas de vinal al borde del camino.<\/span><\/p>\n\n\t\t<\/div>\n\t<\/div>\n<\/div><\/div><\/div><div class=\"wpb_column vc_column_container vc_col-sm-6\"><div class=\"vc_column-inner\"><div class=\"wpb_wrapper\">\n\t<div class=\"wpb_text_column wpb_content_element\" >\n\t\t<div class=\"wpb_wrapper\">\n\t\t\t<p><span style=\"font-weight: 400;\">Es recomendable llegar con el tanque bien abastecido. Los \u00faltimos lugares para cargar combustible son Castelli y Miraflores.<\/span><\/p>\n\n\t\t<\/div>\n\t<\/div>\n\n\t<div class=\"wpb_text_column wpb_content_element\" >\n\t\t<div class=\"wpb_wrapper\">\n\t\t\t<p><span style=\"font-weight: 400;\">Respet\u00e1 las velocidades m\u00e1ximas dentro y fuera del parque nacional. Las rutas cruzan caminos de la fauna silvestre as\u00ed que para preservar los animales y la seguridad lo mejor es conducir despacio y disfrutar del paisaje.<\/span><\/p>\n\n\t\t<\/div>\n\t<\/div>\n<\/div><\/div><\/div><\/div><\/div><\/div><div class=\"vc_tta-panel\" id=\"1750780935756-02211cb6-3c65\" data-vc-content=\".vc_tta-panel-body\"><div class=\"vc_tta-panel-heading\"><h4 class=\"vc_tta-panel-title vc_tta-controls-icon-position-left\"><a href=\"#1750780935756-02211cb6-3c65\" data-vc-accordion data-vc-container=\".vc_tta-container\"><span class=\"vc_tta-title-text\">Conectividad<\/span><i class=\"vc_tta-controls-icon vc_tta-controls-icon-plus\"><\/i><\/a><\/h4><\/div><div class=\"vc_tta-panel-body\"><div class=\"vc_row wpb_row vc_inner vc_row-fluid vc_custom_1750783743097\"><div class=\"wpb_column vc_column_container vc_col-sm-6 vc_col-lg-offset-3 vc_col-lg-6 vc_col-md-offset-3 vc_col-md-6\"><div class=\"vc_column-inner vc_custom_1750901105212\"><div class=\"wpb_wrapper\">\n\t<div class=\"wpb_text_column wpb_content_element\" >\n\t\t<div class=\"wpb_wrapper\">\n\t\t\t<p>Tener en cuenta que hay poca conectividad en la regi\u00f3n y en muchos lugares solo se accede por wifi. En las rutas no hay se\u00f1al de tel\u00e9fono ni datos.<\/p>\n\n\t\t<\/div>\n\t<\/div>\n<\/div><\/div><\/div><\/div><\/div><\/div><div class=\"vc_tta-panel\" id=\"1750860687974-cce8ff2c-5367\" data-vc-content=\".vc_tta-panel-body\"><div class=\"vc_tta-panel-heading\"><h4 class=\"vc_tta-panel-title vc_tta-controls-icon-position-left\"><a href=\"#1750860687974-cce8ff2c-5367\" data-vc-accordion data-vc-container=\".vc_tta-container\"><span class=\"vc_tta-title-text\">\u00bfQu\u00e9 ten\u00e9s que traer?<\/span><i class=\"vc_tta-controls-icon vc_tta-controls-icon-plus\"><\/i><\/a><\/h4><\/div><div class=\"vc_tta-panel-body\"><div class=\"vc_row wpb_row vc_inner vc_row-fluid\"><div class=\"wpb_column vc_column_container vc_col-sm-6 vc_col-md-offset-3 vc_col-md-6\"><div class=\"vc_column-inner vc_custom_1750901114282\"><div class=\"wpb_wrapper\">\n\t<div class=\"wpb_text_column wpb_content_element\" >\n\t\t<div class=\"wpb_wrapper\">\n\t\t\t<p>Preparate bien para la aventura: tra\u00e9 agua, comida, gorro, protector solar, repelente contra insectos y abrigo por la gran amplitud t\u00e9rmica, especialmente en invierno. Se recomienda usar ropa de tejidos livianos que cubra brazos y piernas. Es importante tener una linterna.<\/p>\n\n\t\t<\/div>\n\t<\/div>\n<\/div><\/div><\/div><\/div><\/div><\/div><div class=\"vc_tta-panel\" id=\"1750780977946-7f465699-c66a\" data-vc-content=\".vc_tta-panel-body\"><div class=\"vc_tta-panel-heading\"><h4 class=\"vc_tta-panel-title vc_tta-controls-icon-position-left\"><a href=\"#1750780977946-7f465699-c66a\" data-vc-accordion data-vc-container=\".vc_tta-container\"><span class=\"vc_tta-title-text\">Cuidar el lugar<\/span><i class=\"vc_tta-controls-icon vc_tta-controls-icon-plus\"><\/i><\/a><\/h4><\/div><div class=\"vc_tta-panel-body\"><div class=\"vc_row wpb_row vc_inner vc_row-fluid vc_custom_1750901121095\"><div class=\"wpb_column vc_column_container vc_col-sm-6\"><div class=\"vc_column-inner\"><div class=\"wpb_wrapper\">\n\t<div class=\"wpb_text_column wpb_content_element\" >\n\t\t<div class=\"wpb_wrapper\">\n\t\t\t<p>No est\u00e1 permitido cortar le\u00f1a: aunque parezca que abunda es necesaria para el ecosistema.<\/p>\n\n\t\t<\/div>\n\t<\/div>\n<\/div><\/div><\/div><div class=\"wpb_column vc_column_container vc_col-sm-6\"><div class=\"vc_column-inner\"><div class=\"wpb_wrapper\">\n\t<div class=\"wpb_text_column wpb_content_element\" >\n\t\t<div class=\"wpb_wrapper\">\n\t\t\t<p>Llev\u00e1 siempre una bolsa para la basura: todo tipo de desecho debe volver hasta un lugar que cuente con disposici\u00f3n de residuos.<\/p>\n\n\t\t<\/div>\n\t<\/div>\n<\/div><\/div><\/div><\/div><\/div><\/div><div class=\"vc_tta-panel\" id=\"1750781014177-173f62d9-1a46\" data-vc-content=\".vc_tta-panel-body\"><div class=\"vc_tta-panel-heading\"><h4 class=\"vc_tta-panel-title vc_tta-controls-icon-position-left\"><a href=\"#1750781014177-173f62d9-1a46\" data-vc-accordion data-vc-container=\".vc_tta-container\"><span class=\"vc_tta-title-text\">Energ\u00eda<\/span><i class=\"vc_tta-controls-icon vc_tta-controls-icon-plus\"><\/i><\/a><\/h4><\/div><div class=\"vc_tta-panel-body\"><div class=\"vc_row wpb_row vc_inner vc_row-fluid vc_custom_1750783764417\"><div class=\"wpb_column vc_column_container vc_col-sm-6 vc_col-md-offset-3 vc_col-md-6 vc_col-xs-12\"><div class=\"vc_column-inner vc_custom_1750901130327\"><div class=\"wpb_wrapper\">\n\t<div class=\"wpb_text_column wpb_content_element\" >\n\t\t<div class=\"wpb_wrapper\">\n\t\t\t<p>En los campings y glampings la provisi\u00f3n de energ\u00eda el\u00e9ctrica es por paneles solares. En los campings no pueden cargarse celulares ni conectarse artefactos con resistencia. En los glampings se pueden cargar celulares y c\u00e1maras, pero no pueden conectarse artefactos con resistencia.<\/p>\n\n\t\t<\/div>\n\t<\/div>\n<\/div><\/div><\/div><\/div><\/div><\/div><div class=\"vc_tta-panel\" id=\"1750781039769-124690e3-6df6\" data-vc-content=\".vc_tta-panel-body\"><div class=\"vc_tta-panel-heading\"><h4 class=\"vc_tta-panel-title vc_tta-controls-icon-position-left\"><a href=\"#1750781039769-124690e3-6df6\" data-vc-accordion data-vc-container=\".vc_tta-container\"><span class=\"vc_tta-title-text\">Provisiones<\/span><i class=\"vc_tta-controls-icon vc_tta-controls-icon-plus\"><\/i><\/a><\/h4><\/div><div class=\"vc_tta-panel-body\"><div class=\"vc_row wpb_row vc_inner vc_row-fluid vc_custom_1750901137508\"><div class=\"wpb_column vc_column_container vc_col-sm-6\"><div class=\"vc_column-inner\"><div class=\"wpb_wrapper\">\n\t<div class=\"wpb_text_column wpb_content_element\" >\n\t\t<div class=\"wpb_wrapper\">\n\t\t\t<p>Pod\u00e9s disfrutar de comidas locales durante todo el a\u00f1o contratando el servicio en Portal La Armon\u00eda, Nueva Poblaci\u00f3n o en el comedor Qaramta dentro del Parque Nacional El Impenetrable.<\/p>\n\n\t\t<\/div>\n\t<\/div>\n<\/div><\/div><\/div><div class=\"wpb_column vc_column_container vc_col-sm-6\"><div class=\"vc_column-inner\"><div class=\"wpb_wrapper\">\n\t<div class=\"wpb_text_column wpb_content_element\" >\n\t\t<div class=\"wpb_wrapper\">\n\t\t\t<p><span style=\"font-weight: 400;\">Si quer\u00e9s cocinar te recomendamos abastecerse en Castelli, Miraflores o en los kioscos de La Armon\u00eda.<\/span><\/p>\n\n\t\t<\/div>\n\t<\/div>\n\n\t<div class=\"wpb_text_column wpb_content_element\" >\n\t\t<div class=\"wpb_wrapper\">\n\t\t\t<p><span style=\"font-weight: 400;\">Tra\u00e9<\/span><span style=\"font-weight: 400;\"> dinero en efectivo: en pocos lugares se puede usar la tarjeta o hacer pagos virtuales.<\/span><\/p>\n\n\t\t<\/div>\n\t<\/div>\n<\/div><\/div><\/div><\/div><\/div><\/div><\/div><\/div><\/div><\/div><\/div><\/div><\/div><\/div><\/section><div class=\"vc_row-full-width vc_clearfix\"><\/div><section class=\"vc_section\"><div class=\"vc_row wpb_row vc_row-fluid\"><style type=\"text\/css\" data-type=\"vc_custom-css\">#footer h6{margin-top:0px; margin-bottom:0px; height:5vh; line-height: 1.1;}\r\n#footer p{font-size:11px!important; }\r\n#footer #mc4wp-form-1 input{\r\nborder: 0px;\r\nborder-bottom: 1px solid black;\r\ncolor: black;\r\npadding: 0px;\r\nmargin-bottom: 0.3vh!important;\r\nfont-size: 11px!important;\r\nmargin-left: 0px!important;\r\nline-height: 1.5;\r\nwidth: 100%;\r\nvertical-align: top;\r\n}\r\n\r\n#footer #mc4wp-form-1 .vc_col-lg-12{padding-left:0px; height: 24px;}\r\n\r\n#footer #mc4wp-form-1 .enviar input {\r\n   border:0px; text-align: left;\r\n}\r\n\r\n#footer #mc4wp-form-1 input::placeholder{color: black;}\r\n#footer #mc4wp-form-1 .enviar{\r\n    width:auto;\r\n    font-size: 13px;\r\n    margin-top: 2px;\r\n    margin-left: 0px;}\r\n    #footer #mc4wp-form-1 .enviar input{text-transform: capitalize; letter-spacing: normal; }\r\n\/* *\/\r\n\/* On screens that are 600px or less, set the background color to olive *\/\r\n@media screen and (max-width: 600px) {\r\n#footer .hidden-xs{display:none;}\r\n#footer .vc_empty_space{height:0px;}\r\n}<\/style><div class=\"wpb_column vc_column_container vc_col-sm-10 vc_col-md-offset-1 vc_col-md-10 vc_col-sm-offset-0 vc_col-xs-offset-1 vc_col-xs-10\"><div class=\"vc_column-inner\"><div class=\"wpb_wrapper\"><div class=\"vc_empty_space\"   style=\"height: 7vh\"><span class=\"vc_empty_space_inner\"><\/span><\/div><div id=\"footer\" class=\"vc_row wpb_row vc_row-fluid\"><div class=\"wpb_column vc_column_container vc_col-sm-3 vc_col-md-3 vc_col-sm-offset-0 vc_col-xs-offset-1 vc_col-xs-10\"><div class=\"vc_column-inner\"><div class=\"wpb_wrapper\"><h6 style=\"font-size: 17px;color: #000000;text-align: left\" class=\"vc_custom_heading regular negro\" >Informaci\u00f3n de contacto<\/h6>\n\t<div class=\"wpb_text_column wpb_content_element  regular negro\" >\n\t\t<div class=\"wpb_wrapper\">\n\t\t\t<p><strong>Chaco Tourism Institute<\/strong><br \/>\nInstagram: @turismochaco<br \/>\nWeb: https:\/\/turismo.chaco.gob.ar<\/p>\n\n\t\t<\/div>\n\t<\/div>\n<\/div><\/div><\/div><div class=\"wpb_column vc_column_container vc_col-sm-3 vc_col-md-3 vc_col-sm-offset-0 vc_col-xs-offset-1 vc_col-xs-10\"><div class=\"vc_column-inner\"><div class=\"wpb_wrapper\"><div class=\"vc_empty_space  hidden-xs\"   style=\"height: 5vh\"><span class=\"vc_empty_space_inner\"><\/span><\/div>\n\t<div class=\"wpb_text_column wpb_content_element  regular negro\" >\n\t\t<div class=\"wpb_wrapper\">\n\t\t\t<p><strong>Destino Tur\u00edstico:<\/strong><br \/>\nInstagram: @elimpenetrablechaco<br \/>\nWhatsApp: +5493794654988<br \/>\nMail: destino@elimpenetrable.org<\/p>\n\n\t\t<\/div>\n\t<\/div>\n<\/div><\/div><\/div><div class=\"wpb_column vc_column_container vc_col-sm-3 vc_col-md-3 vc_col-sm-offset-0 vc_col-xs-offset-1 vc_col-xs-10\"><div class=\"vc_column-inner\"><div class=\"wpb_wrapper\"><div class=\"vc_empty_space  hidden-xs\"   style=\"height: 5vh\"><span class=\"vc_empty_space_inner\"><\/span><\/div>\n\t<div class=\"wpb_text_column wpb_content_element  regular negro\" >\n\t\t<div class=\"wpb_wrapper\">\n\t\t\t<p><strong>Parque Nacional El Impenetrable<\/strong><br \/>\nInstagram: @pnelimpenetrable<br \/>\nMail: elimpenetrable@apn.gob.ar<br \/>\nPhone number: 03644-201831<br \/>\nAv. San Mart\u00edn esq. Celso P\u00e1ez s\/n, Miraflores (3705), Chaco<\/p>\n\n\t\t<\/div>\n\t<\/div>\n<\/div><\/div><\/div><div class=\"wpb_column vc_column_container vc_col-sm-3 vc_col-md-3 vc_col-sm-offset-0 vc_col-xs-offset-1 vc_col-xs-10\"><div class=\"vc_column-inner\"><div class=\"wpb_wrapper\"><h6 style=\"font-size: 17px;color: #000000;text-align: left\" class=\"vc_custom_heading regular negro\" >Suscribite a nuestro newsletter<\/h6>\n\t<div class=\"wpb_text_column wpb_content_element  regular negro\" >\n\t\t<div class=\"wpb_wrapper\">\n\t\t\t<script>(function() {\n\twindow.mc4wp = window.mc4wp || {\n\t\tlisteners: [],\n\t\tforms: {\n\t\t\ton: function(evt, cb) {\n\t\t\t\twindow.mc4wp.listeners.push(\n\t\t\t\t\t{\n\t\t\t\t\t\tevent   : evt,\n\t\t\t\t\t\tcallback: cb\n\t\t\t\t\t}\n\t\t\t\t);\n\t\t\t}\n\t\t}\n\t}\n})();\n<\/script><!-- Mailchimp for WordPress v4.12.1 - https:\/\/wordpress.org\/plugins\/mailchimp-for-wp\/ --><form id=\"mc4wp-form-1\" class=\"mc4wp-form mc4wp-form-1002\" method=\"post\" data-id=\"1002\" data-name=\"Newsletter El Impenetrable\" action=\"\" ><div class=\"mc4wp-form-fields\"><div class=\"vc_col-lg-12 vc_col-xs-12\">\r\n<input type=\"text\" id=\"name\" name=\"EMAIL\" placeholder=\"Nombre \/ Name\" required>\r\n<\/div>\r\n<div class=\"vc_col-lg-12 vc_col-xs-12\">\r\n<input type=\"text\" id=\"lastname\" name=\"EMAIL\" placeholder=\"Apellido \/ Last Name\" required>\r\n<\/div>\r\n<div class=\"vc_col-lg-12 vc_col-xs-12\">\r\n<input type=\"email\" id=\"email\" name=\"EMAIL\" placeholder=\"E-mail\" required>\r\n<\/div>\r\n<div class=\"enviar\">\r\n\t<input type=\"submit\" value=\"Enviar \/ Submit\">\r\n<\/div><\/div><label style=\"display: none !important;\">Leave this field empty if you're human: <input type=\"text\" name=\"_mc4wp_honeypot\" value=\"\" tabindex=\"-1\" autocomplete=\"off\" \/><\/label><input type=\"hidden\" name=\"_mc4wp_timestamp\" value=\"1776048492\" \/><input type=\"hidden\" name=\"_mc4wp_form_id\" value=\"1002\" \/><input type=\"hidden\" name=\"_mc4wp_form_element_id\" value=\"mc4wp-form-1\" \/><div class=\"mc4wp-response\"><\/div><input type=\"hidden\" name=\"trp-form-language\" value=\"en\"\/><\/form><!-- \/ Mailchimp for WordPress Plugin -->\n\n\t\t<\/div>\n\t<\/div>\n<\/div><\/div><\/div><\/div>\n<style type=\"text\/css\" data-type=\"rcb-_wpb_post_custom_css-887\">#footer h6{margin-top:0px; margin-bottom:0px; height:5vh; line-height: 1.1;}\r\n#footer p{font-size:11px!important; }\r\n#footer #mc4wp-form-1 input{\r\nborder: 0px;\r\nborder-bottom: 1px solid black;\r\ncolor: black;\r\npadding: 0px;\r\nmargin-bottom: 0.3vh!important;\r\nfont-size: 11px!important;\r\nmargin-left: 0px!important;\r\nline-height: 1.5;\r\nwidth: 100%;\r\nvertical-align: top;\r\n}\r\n\r\n#footer #mc4wp-form-1 .vc_col-lg-12{padding-left:0px; height: 24px;}\r\n\r\n#footer #mc4wp-form-1 .enviar input {\r\n   border:0px; text-align: left;\r\n}\r\n\r\n#footer #mc4wp-form-1 input::placeholder{color: black;}\r\n#footer #mc4wp-form-1 .enviar{\r\n    width:auto;\r\n    font-size: 13px;\r\n    margin-top: 2px;\r\n    margin-left: 0px;}\r\n    #footer #mc4wp-form-1 .enviar input{text-transform: capitalize; letter-spacing: normal; }\r\n\/* *\/\r\n\/* On screens that are 600px or less, set the background color to olive *\/\r\n@media screen and (max-width: 600px) {\r\n#footer .hidden-xs{display:none;}\r\n#footer .vc_empty_space{height:0px;}\r\n}<\/style><div class=\"vc_empty_space\"   style=\"height: 3vh\"><span class=\"vc_empty_space_inner\"><\/span><\/div><\/div><\/div><\/div><\/div><\/section><section class=\"vc_section\"><div class=\"vc_row wpb_row vc_row-fluid what\"><style type=\"text\/css\" data-type=\"vc_custom-css\">.whatsapp{}\r\n.whatsapp img{\r\n    position: fixed; bottom: 5vh; left: 3vw;\r\nheight: 50px;\r\nwidth: 50px;\r\nz-index: 99;}<\/style><div class=\"wpb_column vc_column_container vc_col-sm-12\"><div class=\"vc_column-inner\"><div class=\"wpb_wrapper\"><div class=\"vc_row wpb_row vc_row-fluid\"><div class=\"wpb_column vc_column_container vc_col-sm-12\"><div class=\"vc_column-inner\"><div class=\"wpb_wrapper\">\n\t<div class=\"wpb_text_column wpb_content_element\" >\n\t\t<div class=\"wpb_wrapper\">\n\t\t\t<p><a class=\"whatsapp\" href=\"https:\/\/wa.me\/5493794654988\" target=\"_blank\" rel=\"noopener\"><img loading=\"lazy\" decoding=\"async\" class=\"alignnone size-medium wp-image-1017\" src=\"https:\/\/elimpenetrable.org\/wp-content\/uploads\/2025\/07\/whatsapp-300x300.webp\" alt=\"\" width=\"300\" height=\"300\" srcset=\"https:\/\/elimpenetrable.org\/wp-content\/uploads\/2025\/07\/whatsapp-300x300.webp 300w, https:\/\/elimpenetrable.org\/wp-content\/uploads\/2025\/07\/whatsapp-150x150.webp 150w, https:\/\/elimpenetrable.org\/wp-content\/uploads\/2025\/07\/whatsapp-12x12.webp 12w, https:\/\/elimpenetrable.org\/wp-content\/uploads\/2025\/07\/whatsapp.webp 512w\" sizes=\"auto, (max-width: 300px) 100vw, 300px\" \/><\/a><\/p>\n\n\t\t<\/div>\n\t<\/div>\n<\/div><\/div><\/div><\/div>\n<style type=\"text\/css\" data-type=\"rcb-_wpb_post_custom_css-1016\">.whatsapp{}\r\n.whatsapp img{\r\n    position: fixed; bottom: 5vh; left: 3vw;\r\nheight: 50px;\r\nwidth: 50px;\r\nz-index: 99;}<\/style><\/div><\/div><\/div><\/div><\/section>","protected":false},"excerpt":{"rendered":"Recomendaciones Una visita con compromiso Recomendaciones para mantener la belleza natural y la salud ecosist\u00e9mica de la regi\u00f3n del Parque Nacional El Impenetrable y disfrutar al m\u00e1ximo el destino tur\u00edstico:\u00bfCu\u00e1ndo visitar? Abril a noviembre es la \u00e9poca de menos lluvias y cuando vas a encontrar todos los servicios abiertos. De diciembre a marzo el parque &hellip; <p class=\"link-more\"><a href=\"https:\/\/elimpenetrable.org\/en\/recomendaciones-2\/\" class=\"more-link\">Read more<span class=\"screen-reader-text\"> \"Recomendaciones\"<\/span><\/a><\/p>","protected":false},"author":2,"featured_media":939,"parent":0,"menu_order":0,"comment_status":"closed","ping_status":"closed","template":"page-templates\/homepage-no-hero.php","meta":{"inspiro_hide_title":false,"footnotes":""},"class_list":["post-937","page","type-page","status-publish","has-post-thumbnail","hentry"],"_links":{"self":[{"href":"https:\/\/elimpenetrable.org\/en\/wp-json\/wp\/v2\/pages\/937","targetHints":{"allow":["GET"]}}],"collection":[{"href":"https:\/\/elimpenetrable.org\/en\/wp-json\/wp\/v2\/pages"}],"about":[{"href":"https:\/\/elimpenetrable.org\/en\/wp-json\/wp\/v2\/types\/page"}],"author":[{"embeddable":true,"href":"https:\/\/elimpenetrable.org\/en\/wp-json\/wp\/v2\/users\/2"}],"replies":[{"embeddable":true,"href":"https:\/\/elimpenetrable.org\/en\/wp-json\/wp\/v2\/comments?post=937"}],"version-history":[{"count":22,"href":"https:\/\/elimpenetrable.org\/en\/wp-json\/wp\/v2\/pages\/937\/revisions"}],"predecessor-version":[{"id":1070,"href":"https:\/\/elimpenetrable.org\/en\/wp-json\/wp\/v2\/pages\/937\/revisions\/1070"}],"wp:featuredmedia":[{"embeddable":true,"href":"https:\/\/elimpenetrable.org\/en\/wp-json\/wp\/v2\/media\/939"}],"wp:attachment":[{"href":"https:\/\/elimpenetrable.org\/en\/wp-json\/wp\/v2\/media?parent=937"}],"curies":[{"name":"wp","href":"https:\/\/api.w.org\/{rel}","templated":true}]}}