{"id":929,"date":"2025-06-24T01:10:50","date_gmt":"2025-06-24T01:10:50","guid":{"rendered":"https:\/\/elimpenetrable.org\/?page_id=929"},"modified":"2025-07-04T02:13:57","modified_gmt":"2025-07-04T02:13:57","slug":"contacto","status":"publish","type":"page","link":"https:\/\/elimpenetrable.org\/en\/contacto\/","title":{"rendered":"Contacto"},"content":{"rendered":"<section id=\"enca\" data-vc-full-width=\"true\" data-vc-full-width-init=\"false\" class=\"vc_section encabezado sombra vc_custom_1750727447712 vc_section-has-fill vc_section-o-content-top vc_section-flex\"><div id=\"como\" data-vc-full-width=\"true\" data-vc-full-width-init=\"false\" data-vc-stretch-content=\"true\" class=\"vc_row wpb_row vc_row-fluid vc_custom_1659032572166 vc_row-o-content-middle vc_row-flex\"><div class=\"wpb_column vc_column_container vc_col-sm-12 vc_col-lg-offset-0 vc_col-lg-12 vc_col-md-offset-0 vc_col-md-12 vc_col-xs-offset-1 vc_col-xs-10\"><div class=\"vc_column-inner\"><div class=\"wpb_wrapper\">\n\t<div class=\"wpb_text_column wpb_content_element  wpb_animate_when_almost_visible wpb_fadeIn fadeIn blanco basic\" >\n\t\t<div class=\"wpb_wrapper\">\n\t\t\t<h1 class=\"blanco\" style=\"text-align: center; font-family: 'Basic-Sans';\">Contactanos<\/h1>\n\n\t\t<\/div>\n\t<\/div>\n\n\t<div class=\"wpb_text_column wpb_content_element  wpb_animate_when_almost_visible wpb_fadeIn fadeIn blanco basic shadow\" >\n\t\t<div class=\"wpb_wrapper\">\n\t\t\t<p class=\"blanco\" style=\"text-align: center; font-family: 'Basic-Sans';\">Quer\u00e9s venir, colaborar o contar tu historia: escribinos.<\/p>\n\n\t\t<\/div>\n\t<\/div>\n<\/div><\/div><\/div><\/div><div class=\"vc_row-full-width vc_clearfix\"><\/div><\/section><div class=\"vc_row-full-width vc_clearfix\"><\/div><section id=\"como-llegar\" class=\"vc_section vc_custom_1656948112203 vc_section-o-content-top vc_section-flex\"><div class=\"vc_row wpb_row vc_row-fluid\"><div class=\"wpb_column vc_column_container vc_col-sm-10 vc_col-lg-offset-1 vc_col-lg-10 vc_col-md-offset-1 vc_col-md-10 vc_col-xs-offset-1 vc_col-xs-10\"><div class=\"vc_column-inner vc_custom_1750774795047\"><div class=\"wpb_wrapper\">\n<div class=\"wpcf7 no-js\" id=\"wpcf7-f372-o1\" lang=\"es-ES\" dir=\"ltr\" data-wpcf7-id=\"372\">\n<div class=\"screen-reader-response\"><p role=\"status\" aria-live=\"polite\" aria-atomic=\"true\"><\/p> <ul><\/ul><\/div>\n<form action=\"\/en\/wp-json\/wp\/v2\/pages\/929#wpcf7-f372-o1\" method=\"post\" class=\"wpcf7-form init\" aria-label=\"Formulario de contacto\" novalidate=\"novalidate\" data-status=\"init\" data-trp-original-action=\"\/en\/wp-json\/wp\/v2\/pages\/929#wpcf7-f372-o1\">\n<fieldset class=\"hidden-fields-container\"><input type=\"hidden\" name=\"_wpcf7\" value=\"372\" \/><input type=\"hidden\" name=\"_wpcf7_version\" value=\"6.1.5\" \/><input type=\"hidden\" name=\"_wpcf7_locale\" value=\"es_ES\" \/><input type=\"hidden\" name=\"_wpcf7_unit_tag\" value=\"wpcf7-f372-o1\" \/><input type=\"hidden\" name=\"_wpcf7_container_post\" value=\"0\" \/><input type=\"hidden\" name=\"_wpcf7_posted_data_hash\" value=\"\" \/>\n<\/fieldset>\n<div class=\"vc_col-lg-12 contenedor-contacto\">\n\t<div class=\"vc_col-lg-6 contenedor-izq\">\n\t\t<div class=\"vc_col-lg-12\">\n\t\t\t<p><span class=\"wpcf7-form-control-wrap\" data-name=\"nombre\"><input size=\"40\" maxlength=\"400\" class=\"wpcf7-form-control wpcf7-text campo1\" autocomplete=\"name\" aria-invalid=\"false\" value=\"Nombre\" type=\"text\" name=\"nombre\" \/><\/span>\n\t\t\t<\/p>\n\t\t<\/div>\n\t\t<div class=\"vc_col-lg-12\">\n\t\t\t<p><span class=\"wpcf7-form-control-wrap\" data-name=\"apellido\"><input size=\"40\" maxlength=\"400\" class=\"wpcf7-form-control wpcf7-text campo1\" autocomplete=\"name\" aria-invalid=\"false\" value=\"Apellido\" type=\"text\" name=\"apellido\" \/><\/span>\n\t\t\t<\/p>\n\t\t<\/div>\n\t\t<div class=\"vc_col-lg-12\">\n\t\t\t<p><span class=\"wpcf7-form-control-wrap\" data-name=\"email\"><input size=\"40\" maxlength=\"400\" class=\"wpcf7-form-control wpcf7-email wpcf7-validates-as-required wpcf7-text wpcf7-validates-as-email campo1\" autocomplete=\"email\" aria-required=\"true\" aria-invalid=\"false\" value=\"Email\" type=\"email\" name=\"email\" \/><\/span>\n\t\t\t<\/p>\n\t\t<\/div>\n\t\t<div class=\"vc_col-lg-12 consulta\">\n\t\t\t<p><span class=\"wpcf7-form-control-wrap\" data-name=\"consulta\"><select class=\"wpcf7-form-control wpcf7-select consulta1\" aria-invalid=\"false\" name=\"consulta\"><option value=\"\">Consulta<\/option><option value=\"Consulta 2\">Consulta 2<\/option><option value=\"Consulta 3\">Consulta 3<\/option><\/select><\/span>\n\t\t\t<\/p>\n\t\t<\/div>\n\t<\/div>\n\t<div class=\"vc_col-lg-6 contenedor-der\">\n\t\t<div class=\"vc_col-lg-12\">\n\t\t\t<p class=\"titulo\">Mensaje\n\t\t\t<\/p>\n\t\t\t<p><span class=\"wpcf7-form-control-wrap\" data-name=\"mensaje\"><textarea cols=\"40\" rows=\"10\" maxlength=\"2000\" class=\"wpcf7-form-control wpcf7-textarea text-area\" aria-invalid=\"false\" name=\"mensaje\"><\/textarea><\/span>\n\t\t\t<\/p>\n\t\t<\/div>\n\t\t<div class=\"vc_col-lg-4 vc_col-xs-6\">\n\t\t\t<p><input class=\"wpcf7-form-control wpcf7-submit has-spinner enviar\" type=\"submit\" value=\"ENVIAR\" \/>\n\t\t\t<\/p>\n\t\t<\/div>\n\t\t<div class=\"vc_col-lg-8 vc_col-xs-6\">\n\t\t\t<p class=\"mensaje-2\">Tu visita tambi\u00e9n conserva.\n\t\t\t<\/p>\n\t\t<\/div>\n\t<\/div>\n<\/div><input type='hidden' class='wpcf7-pum' value='{\"closepopup\":false,\"closedelay\":0,\"openpopup\":false,\"openpopup_id\":0}' \/><div class=\"wpcf7-response-output\" aria-hidden=\"true\"><\/div>\n<input type=\"hidden\" name=\"trp-form-language\" value=\"en\"\/><\/form>\n<\/div>\n<\/div><\/div><\/div><\/div><div class=\"vc_row wpb_row vc_row-fluid\"><div class=\"wpb_column vc_column_container vc_col-sm-12\"><div class=\"vc_column-inner\"><div class=\"wpb_wrapper\"><div class=\"vc_empty_space\"   style=\"height: 7vh\"><span class=\"vc_empty_space_inner\"><\/span><\/div><\/div><\/div><\/div><\/div><\/section><section class=\"vc_section\"><div class=\"vc_row wpb_row vc_row-fluid\"><style type=\"text\/css\" data-type=\"vc_custom-css\">#footer h6{margin-top:0px; margin-bottom:0px; height:5vh; line-height: 1.1;}\r\n#footer p{font-size:11px!important; }\r\n#footer #mc4wp-form-1 input{\r\nborder: 0px;\r\nborder-bottom: 1px solid black;\r\ncolor: black;\r\npadding: 0px;\r\nmargin-bottom: 0.3vh!important;\r\nfont-size: 11px!important;\r\nmargin-left: 0px!important;\r\nline-height: 1.5;\r\nwidth: 100%;\r\nvertical-align: top;\r\n}\r\n\r\n#footer #mc4wp-form-1 .vc_col-lg-12{padding-left:0px; height: 24px;}\r\n\r\n#footer #mc4wp-form-1 .enviar input {\r\n   border:0px; text-align: left;\r\n}\r\n\r\n#footer #mc4wp-form-1 input::placeholder{color: black;}\r\n#footer #mc4wp-form-1 .enviar{\r\n    width:auto;\r\n    font-size: 13px;\r\n    margin-top: 2px;\r\n    margin-left: 0px;}\r\n    #footer #mc4wp-form-1 .enviar input{text-transform: capitalize; letter-spacing: normal; }\r\n\/* *\/\r\n\/* On screens that are 600px or less, set the background color to olive *\/\r\n@media screen and (max-width: 600px) {\r\n#footer .hidden-xs{display:none;}\r\n#footer .vc_empty_space{height:0px;}\r\n}<\/style><div class=\"wpb_column vc_column_container vc_col-sm-10 vc_col-lg-offset-1 vc_col-lg-10 vc_col-md-offset-1 vc_col-md-10 vc_col-sm-offset-1 vc_col-xs-offset-1 vc_col-xs-10\"><div class=\"vc_column-inner\"><div class=\"wpb_wrapper\"><div id=\"footer\" class=\"vc_row wpb_row vc_row-fluid\"><div class=\"wpb_column vc_column_container vc_col-sm-3 vc_col-md-3 vc_col-sm-offset-0 vc_col-xs-offset-1 vc_col-xs-10\"><div class=\"vc_column-inner\"><div class=\"wpb_wrapper\"><h6 style=\"font-size: 17px;color: #000000;text-align: left\" class=\"vc_custom_heading regular negro\" >Informaci\u00f3n de contacto<\/h6>\n\t<div class=\"wpb_text_column wpb_content_element  regular negro\" >\n\t\t<div class=\"wpb_wrapper\">\n\t\t\t<p><strong>Chaco Tourism Institute<\/strong><br \/>\nInstagram: @turismochaco<br \/>\nWeb: https:\/\/turismo.chaco.gob.ar<\/p>\n\n\t\t<\/div>\n\t<\/div>\n<\/div><\/div><\/div><div class=\"wpb_column vc_column_container vc_col-sm-3 vc_col-md-3 vc_col-sm-offset-0 vc_col-xs-offset-1 vc_col-xs-10\"><div class=\"vc_column-inner\"><div class=\"wpb_wrapper\"><div class=\"vc_empty_space  hidden-xs\"   style=\"height: 5vh\"><span class=\"vc_empty_space_inner\"><\/span><\/div>\n\t<div class=\"wpb_text_column wpb_content_element  regular negro\" >\n\t\t<div class=\"wpb_wrapper\">\n\t\t\t<p><strong>Destino Tur\u00edstico:<\/strong><br \/>\nInstagram: @elimpenetrablechaco<br \/>\nWhatsApp: +5493794654988<br \/>\nMail: destino@elimpenetrable.org<\/p>\n\n\t\t<\/div>\n\t<\/div>\n<\/div><\/div><\/div><div class=\"wpb_column vc_column_container vc_col-sm-3 vc_col-md-3 vc_col-sm-offset-0 vc_col-xs-offset-1 vc_col-xs-10\"><div class=\"vc_column-inner\"><div class=\"wpb_wrapper\"><div class=\"vc_empty_space  hidden-xs\"   style=\"height: 5vh\"><span class=\"vc_empty_space_inner\"><\/span><\/div>\n\t<div class=\"wpb_text_column wpb_content_element  regular negro\" >\n\t\t<div class=\"wpb_wrapper\">\n\t\t\t<p><strong>Parque Nacional El Impenetrable<\/strong><br \/>\nInstagram: @pnelimpenetrable<br \/>\nMail: elimpenetrable@apn.gob.ar<br \/>\nPhone number: 03644-201831<br \/>\nAv. San Mart\u00edn esq. Celso P\u00e1ez s\/n, Miraflores (3705), Chaco<\/p>\n\n\t\t<\/div>\n\t<\/div>\n<\/div><\/div><\/div><div class=\"wpb_column vc_column_container vc_col-sm-3 vc_col-md-3 vc_col-sm-offset-0 vc_col-xs-offset-1 vc_col-xs-10\"><div class=\"vc_column-inner\"><div class=\"wpb_wrapper\"><h6 style=\"font-size: 17px;color: #000000;text-align: left\" class=\"vc_custom_heading regular negro\" >Suscribite a nuestro newsletter<\/h6>\n\t<div class=\"wpb_text_column wpb_content_element  regular negro\" >\n\t\t<div class=\"wpb_wrapper\">\n\t\t\t<script>(function() {\n\twindow.mc4wp = window.mc4wp || {\n\t\tlisteners: [],\n\t\tforms: {\n\t\t\ton: function(evt, cb) {\n\t\t\t\twindow.mc4wp.listeners.push(\n\t\t\t\t\t{\n\t\t\t\t\t\tevent   : evt,\n\t\t\t\t\t\tcallback: cb\n\t\t\t\t\t}\n\t\t\t\t);\n\t\t\t}\n\t\t}\n\t}\n})();\n<\/script><!-- Mailchimp for WordPress v4.12.1 - https:\/\/wordpress.org\/plugins\/mailchimp-for-wp\/ --><form id=\"mc4wp-form-1\" class=\"mc4wp-form mc4wp-form-1002\" method=\"post\" data-id=\"1002\" data-name=\"Newsletter El Impenetrable\" action=\"\" ><div class=\"mc4wp-form-fields\"><div class=\"vc_col-lg-12 vc_col-xs-12\">\r\n<input type=\"text\" id=\"name\" name=\"EMAIL\" placeholder=\"Nombre \/ Name\" required>\r\n<\/div>\r\n<div class=\"vc_col-lg-12 vc_col-xs-12\">\r\n<input type=\"text\" id=\"lastname\" name=\"EMAIL\" placeholder=\"Apellido \/ Last Name\" required>\r\n<\/div>\r\n<div class=\"vc_col-lg-12 vc_col-xs-12\">\r\n<input type=\"email\" id=\"email\" name=\"EMAIL\" placeholder=\"E-mail\" required>\r\n<\/div>\r\n<div class=\"enviar\">\r\n\t<input type=\"submit\" value=\"Enviar \/ Submit\">\r\n<\/div><\/div><label style=\"display: none !important;\">Leave this field empty if you're human: <input type=\"text\" name=\"_mc4wp_honeypot\" value=\"\" tabindex=\"-1\" autocomplete=\"off\" \/><\/label><input type=\"hidden\" name=\"_mc4wp_timestamp\" value=\"1776036079\" \/><input type=\"hidden\" name=\"_mc4wp_form_id\" value=\"1002\" \/><input type=\"hidden\" name=\"_mc4wp_form_element_id\" value=\"mc4wp-form-1\" \/><div class=\"mc4wp-response\"><\/div><input type=\"hidden\" name=\"trp-form-language\" value=\"en\"\/><\/form><!-- \/ Mailchimp for WordPress Plugin -->\n\n\t\t<\/div>\n\t<\/div>\n<\/div><\/div><\/div><\/div>\n<style type=\"text\/css\" data-type=\"rcb-_wpb_post_custom_css-887\">#footer h6{margin-top:0px; margin-bottom:0px; height:5vh; line-height: 1.1;}\r\n#footer p{font-size:11px!important; }\r\n#footer #mc4wp-form-1 input{\r\nborder: 0px;\r\nborder-bottom: 1px solid black;\r\ncolor: black;\r\npadding: 0px;\r\nmargin-bottom: 0.3vh!important;\r\nfont-size: 11px!important;\r\nmargin-left: 0px!important;\r\nline-height: 1.5;\r\nwidth: 100%;\r\nvertical-align: top;\r\n}\r\n\r\n#footer #mc4wp-form-1 .vc_col-lg-12{padding-left:0px; height: 24px;}\r\n\r\n#footer #mc4wp-form-1 .enviar input {\r\n   border:0px; text-align: left;\r\n}\r\n\r\n#footer #mc4wp-form-1 input::placeholder{color: black;}\r\n#footer #mc4wp-form-1 .enviar{\r\n    width:auto;\r\n    font-size: 13px;\r\n    margin-top: 2px;\r\n    margin-left: 0px;}\r\n    #footer #mc4wp-form-1 .enviar input{text-transform: capitalize; letter-spacing: normal; }\r\n\/* *\/\r\n\/* On screens that are 600px or less, set the background color to olive *\/\r\n@media screen and (max-width: 600px) {\r\n#footer .hidden-xs{display:none;}\r\n#footer .vc_empty_space{height:0px;}\r\n}<\/style><\/div><\/div><\/div><\/div><\/section><section class=\"vc_section\"><div class=\"vc_row wpb_row vc_row-fluid what\"><style type=\"text\/css\" data-type=\"vc_custom-css\">.whatsapp{}\r\n.whatsapp img{\r\n    position: fixed; bottom: 5vh; left: 3vw;\r\nheight: 50px;\r\nwidth: 50px;\r\nz-index: 99;}<\/style><div class=\"wpb_column vc_column_container vc_col-sm-12\"><div class=\"vc_column-inner\"><div class=\"wpb_wrapper\"><div class=\"vc_row wpb_row vc_row-fluid\"><div class=\"wpb_column vc_column_container vc_col-sm-12\"><div class=\"vc_column-inner\"><div class=\"wpb_wrapper\">\n\t<div class=\"wpb_text_column wpb_content_element\" >\n\t\t<div class=\"wpb_wrapper\">\n\t\t\t<p><a class=\"whatsapp\" href=\"https:\/\/wa.me\/5493794654988\" target=\"_blank\" rel=\"noopener\"><img loading=\"lazy\" decoding=\"async\" class=\"alignnone size-medium wp-image-1017\" src=\"https:\/\/elimpenetrable.org\/wp-content\/uploads\/2025\/07\/whatsapp-300x300.webp\" alt=\"\" width=\"300\" height=\"300\" srcset=\"https:\/\/elimpenetrable.org\/wp-content\/uploads\/2025\/07\/whatsapp-300x300.webp 300w, https:\/\/elimpenetrable.org\/wp-content\/uploads\/2025\/07\/whatsapp-150x150.webp 150w, https:\/\/elimpenetrable.org\/wp-content\/uploads\/2025\/07\/whatsapp-12x12.webp 12w, https:\/\/elimpenetrable.org\/wp-content\/uploads\/2025\/07\/whatsapp.webp 512w\" sizes=\"auto, (max-width: 300px) 100vw, 300px\" \/><\/a><\/p>\n\n\t\t<\/div>\n\t<\/div>\n<\/div><\/div><\/div><\/div>\n<style type=\"text\/css\" data-type=\"rcb-_wpb_post_custom_css-1016\">.whatsapp{}\r\n.whatsapp img{\r\n    position: fixed; bottom: 5vh; left: 3vw;\r\nheight: 50px;\r\nwidth: 50px;\r\nz-index: 99;}<\/style><\/div><\/div><\/div><\/div><\/section>","protected":false},"excerpt":{"rendered":"Contactanos Quer\u00e9s venir, colaborar o contar tu historia: escribinos. ConsultaConsulta 2Consulta 3 Mensaje Tu visita tambi\u00e9n conserva. Informaci\u00f3n de contacto Instituto de Turismo de Chaco Instagram: @turismochaco Web: https:\/\/turismo.chaco.gob.ar Destino Tur\u00edstico: Instagram: @elimpenetrablechaco WhatsApp: +5493794654988 Mail: destino@elimpenetrable.org Parque Nacional El Impenetrable Instagram: @pnelimpenetrable Mail: elimpenetrable@apn.gob.ar Tel\u00e9fono: 03644-201831 Av. San Mart\u00edn esq. Celso P\u00e1ez s\/n, Miraflores &hellip; <p class=\"link-more\"><a href=\"https:\/\/elimpenetrable.org\/en\/contacto\/\" class=\"more-link\">Read more<span class=\"screen-reader-text\"> \"Contacto\"<\/span><\/a><\/p>","protected":false},"author":2,"featured_media":33,"parent":0,"menu_order":0,"comment_status":"closed","ping_status":"closed","template":"page-templates\/homepage-no-hero.php","meta":{"inspiro_hide_title":false,"footnotes":""},"class_list":["post-929","page","type-page","status-publish","has-post-thumbnail","hentry"],"_links":{"self":[{"href":"https:\/\/elimpenetrable.org\/en\/wp-json\/wp\/v2\/pages\/929","targetHints":{"allow":["GET"]}}],"collection":[{"href":"https:\/\/elimpenetrable.org\/en\/wp-json\/wp\/v2\/pages"}],"about":[{"href":"https:\/\/elimpenetrable.org\/en\/wp-json\/wp\/v2\/types\/page"}],"author":[{"embeddable":true,"href":"https:\/\/elimpenetrable.org\/en\/wp-json\/wp\/v2\/users\/2"}],"replies":[{"embeddable":true,"href":"https:\/\/elimpenetrable.org\/en\/wp-json\/wp\/v2\/comments?post=929"}],"version-history":[{"count":7,"href":"https:\/\/elimpenetrable.org\/en\/wp-json\/wp\/v2\/pages\/929\/revisions"}],"predecessor-version":[{"id":1026,"href":"https:\/\/elimpenetrable.org\/en\/wp-json\/wp\/v2\/pages\/929\/revisions\/1026"}],"wp:featuredmedia":[{"embeddable":true,"href":"https:\/\/elimpenetrable.org\/en\/wp-json\/wp\/v2\/media\/33"}],"wp:attachment":[{"href":"https:\/\/elimpenetrable.org\/en\/wp-json\/wp\/v2\/media?parent=929"}],"curies":[{"name":"wp","href":"https:\/\/api.w.org\/{rel}","templated":true}]}}