{"id":806,"date":"2025-06-09T16:13:08","date_gmt":"2025-06-09T16:13:08","guid":{"rendered":"https:\/\/elimpenetrable.org\/?page_id=806"},"modified":"2025-06-12T16:57:02","modified_gmt":"2025-06-12T16:57:02","slug":"blog","status":"publish","type":"page","link":"https:\/\/elimpenetrable.org\/en\/blog\/","title":{"rendered":"Blog"},"content":{"rendered":"<section id=\"enca\" data-vc-full-width=\"true\" data-vc-full-width-init=\"false\" class=\"vc_section encabezado sombra actividades vc_custom_1749674552562 vc_section-has-fill vc_section-o-content-top vc_section-flex\"><div id=\"acti\" data-vc-full-width=\"true\" data-vc-full-width-init=\"false\" data-vc-stretch-content=\"true\" class=\"vc_row wpb_row vc_row-fluid vc_custom_1659032015127 vc_row-o-content-middle vc_row-flex\"><div class=\"wpb_column vc_column_container vc_col-sm-12 vc_col-lg-offset-3 vc_col-lg-6 vc_col-md-offset-2 vc_col-md-8 vc_col-xs-12\"><div class=\"vc_column-inner\"><div class=\"wpb_wrapper\">\n\t<div class=\"wpb_text_column wpb_content_element  wpb_animate_when_almost_visible wpb_fadeIn fadeIn blanco basic\" >\n\t\t<div class=\"wpb_wrapper\">\n\t\t\t<h1 class=\"blanco\" style=\"text-align: center; font-family: 'Basic-Sans';\">Blog<\/h1>\n\n\t\t<\/div>\n\t<\/div>\n<\/div><\/div><\/div><\/div><div class=\"vc_row-full-width vc_clearfix\"><\/div><\/section><div class=\"vc_row-full-width vc_clearfix\"><\/div><section id=\"actividades\" data-vc-full-width=\"true\" data-vc-full-width-init=\"false\" data-vc-stretch-content=\"true\" class=\"vc_section vc_custom_1656941907038 vc_section-o-content-top vc_section-flex\"><div class=\"vc_row wpb_row vc_row-fluid\"><div class=\"basic wpb_column vc_column_container vc_col-sm-12\"><div class=\"vc_column-inner\"><div class=\"wpb_wrapper\">\n<div class=\"vc_grid-container-wrapper vc_clearfix vc_grid-animation-fadeIn\">\n\t<div class=\"vc_grid-container vc_clearfix wpb_content_element vc_basic_grid\" data-initial-loading-animation=\"fadeIn\" data-vc-grid-settings=\"{&quot;page_id&quot;:806,&quot;style&quot;:&quot;all&quot;,&quot;action&quot;:&quot;vc_get_vc_grid_data&quot;,&quot;shortcode_id&quot;:&quot;1749747404500-c4f9d63e-47e3-0&quot;,&quot;tag&quot;:&quot;vc_basic_grid&quot;}\" data-vc-request=\"https:\/\/elimpenetrable.org\/wp-admin\/admin-ajax.php\" data-vc-post-id=\"806\" data-vc-public-nonce=\"7f89cfeb8b\">\n\t\t<style data-type=\"vc_shortcodes-custom-css\">.vc_custom_1419240516480{background-color: #f9f9f9 !important;}<\/style><div class=\"vc_grid vc_row vc_pageable-wrapper vc_hook_hover\" data-vc-pageable-content=\"true\"><div class=\"vc_pageable-slide-wrapper vc_clearfix\" data-vc-grid-content=\"true\"><div class=\"vc_grid-item vc_clearfix vc_col-sm-4 vc_grid-item-zone-c-bottom\"><div class=\"vc_grid-item-mini vc_clearfix\"><div class=\"vc_gitem-animated-block\" ><div class=\"vc_gitem-zone vc_gitem-zone-a vc-gitem-zone-height-mode-auto vc-gitem-zone-height-mode-auto-1-1 vc_gitem-is-link\" style=\"background-image: url('https:\/\/elimpenetrable.org\/wp-content\/uploads\/2025\/09\/portadabigday-1-1024x339.webp') !important;\"><a href=\"https:\/\/elimpenetrable.org\/en\/global-big-day-argentina-2025\/\" title=\"Global Big Day Argentina 2025\" class=\"vc_gitem-link vc-zone-link\" ><\/a><img decoding=\"async\" src=\"https:\/\/elimpenetrable.org\/wp-content\/uploads\/2025\/09\/portadabigday-1-1024x339.webp\" class=\"vc_gitem-zone-img\" alt=\"Global Big Day Argentina 2025\"><div class=\"vc_gitem-zone-mini\"><\/div><\/div><\/div><div class=\"vc_gitem-zone vc_gitem-zone-c vc_custom_1419240516480\"><div class=\"vc_gitem-zone-mini\"><div class=\"vc_gitem_row vc_row vc_gitem-row-position-top\"><div class=\"vc_col-sm-12 vc_gitem-col vc_gitem-col-align-\"><div class=\"vc_custom_heading vc_gitem-post-data vc_gitem-post-data-source-post_title\" ><h4 style=\"text-align: left\" >Global Big Day Argentina 2025<\/h4><\/div><div class=\"vc_custom_heading vc_gitem-post-data vc_gitem-post-data-source-post_excerpt\" ><p style=\"text-align: left\" >Global Big Day Argentina 2025El Global Big Day es la jornada global en la que miles de personas registran la mayor cantidad de aves en un solo d\u00eda. Este 10, 11 y 12 de octubre, El Impenetrable se suma a la celebraci\u00f3n. Particip\u00e1 registrando tus avistajes en eBird y conoc\u00e9 la diversidad de especies que &hellip; <p class=\"link-more\"><a href=\"https:\/\/elimpenetrable.org\/en\/global-big-day-argentina-2025\/\" class=\"more-link\">Read more<span class=\"screen-reader-text\"> \"Global Big Day Argentina 2025\"<\/span><\/a><\/p><\/p><\/div><div class=\"vc_btn3-container vc_btn3-left\"><a class=\"vc_general vc_btn3 vc_btn3-size-md vc_btn3-shape-rounded vc_btn3-style-flat vc_btn3-color-juicy-pink\" a href=\"https:\/\/elimpenetrable.org\/en\/global-big-day-argentina-2025\/\" title=\"Read more\">Read more<\/a><\/div><\/div><\/div><\/div><\/div><\/div><div class=\"vc_clearfix\"><\/div><\/div><div class=\"vc_grid-item vc_clearfix vc_col-sm-4 vc_grid-item-zone-c-bottom\"><div class=\"vc_grid-item-mini vc_clearfix\"><div class=\"vc_gitem-animated-block\" ><div class=\"vc_gitem-zone vc_gitem-zone-a vc-gitem-zone-height-mode-auto vc-gitem-zone-height-mode-auto-1-1 vc_gitem-is-link\" style=\"background-image: url('https:\/\/elimpenetrable.org\/wp-content\/uploads\/2025\/08\/EL-IMPENETRABLE-POZO-LA-GRINGA-\u00a9-AGUSTINA-OJEDA-COSECHA-ALGARROBA-DICIEMBRE-2025-31-1024x683.webp') !important;\"><a href=\"https:\/\/elimpenetrable.org\/en\/recoleccion_de_algarroba_el_impenetrable_chaco\/\" title=\"M\u00e1s de 100 familias de El Impenetrable recolectaron 16 toneladas de chauchas de algarrobo\" class=\"vc_gitem-link vc-zone-link\" ><\/a><img decoding=\"async\" src=\"https:\/\/elimpenetrable.org\/wp-content\/uploads\/2025\/08\/EL-IMPENETRABLE-POZO-LA-GRINGA-\u00a9-AGUSTINA-OJEDA-COSECHA-ALGARROBA-DICIEMBRE-2025-31-1024x683.webp\" class=\"vc_gitem-zone-img\" alt=\"M\u00e1s de 100 familias de El Impenetrable recolectaron 16 toneladas de chauchas de algarrobo\"><div class=\"vc_gitem-zone-mini\"><\/div><\/div><\/div><div class=\"vc_gitem-zone vc_gitem-zone-c vc_custom_1419240516480\"><div class=\"vc_gitem-zone-mini\"><div class=\"vc_gitem_row vc_row vc_gitem-row-position-top\"><div class=\"vc_col-sm-12 vc_gitem-col vc_gitem-col-align-\"><div class=\"vc_custom_heading vc_gitem-post-data vc_gitem-post-data-source-post_title\" ><h4 style=\"text-align: left\" >M\u00e1s de 100 familias de El Impenetrable recolectaron 16 toneladas de chauchas de algarrobo<\/h4><\/div><div class=\"vc_custom_heading vc_gitem-post-data vc_gitem-post-data-source-post_excerpt\" ><p style=\"text-align: left\" >M\u00e1s de 100 familias de El Impenetrable recolectaron 16 toneladas de chauchas de algarroboM\u00e1s de 100 familias de El Impenetrable chaque\u00f1o se sumaron a la recolecci\u00f3n de chauchas de algarrobo y lograron acopiar 16 toneladas que partieron hacia un molino en Salta para convertirse en harina de algarroba, un producto cada vez m\u00e1s demandado en &hellip; <p class=\"link-more\"><a href=\"https:\/\/elimpenetrable.org\/en\/recoleccion_de_algarroba_el_impenetrable_chaco\/\" class=\"more-link\">Read more<span class=\"screen-reader-text\"> \"M\u00e1s de 100 familias de El Impenetrable recolectaron 16 toneladas de chauchas de algarrobo\"<\/span><\/a><\/p><\/p><\/div><div class=\"vc_btn3-container vc_btn3-left\"><a class=\"vc_general vc_btn3 vc_btn3-size-md vc_btn3-shape-rounded vc_btn3-style-flat vc_btn3-color-juicy-pink\" a href=\"https:\/\/elimpenetrable.org\/en\/recoleccion_de_algarroba_el_impenetrable_chaco\/\" title=\"Read more\">Read more<\/a><\/div><\/div><\/div><\/div><\/div><\/div><div class=\"vc_clearfix\"><\/div><\/div><div class=\"vc_grid-item vc_clearfix vc_col-sm-4 vc_grid-item-zone-c-bottom\"><div class=\"vc_grid-item-mini vc_clearfix\"><div class=\"vc_gitem-animated-block\" ><div class=\"vc_gitem-zone vc_gitem-zone-a vc-gitem-zone-height-mode-auto vc-gitem-zone-height-mode-auto-1-1 vc_gitem-is-link\" style=\"background-image: url('https:\/\/elimpenetrable.org\/wp-content\/uploads\/2025\/08\/Acopio-Algarroba-251-1024x576.webp') !important;\"><a href=\"https:\/\/elimpenetrable.org\/en\/saboresimpenetrable\/\" title=\"Sabores del monte: gastronom\u00eda para conservar El Impenetrable en pie\" class=\"vc_gitem-link vc-zone-link\" ><\/a><img decoding=\"async\" src=\"https:\/\/elimpenetrable.org\/wp-content\/uploads\/2025\/08\/Acopio-Algarroba-251-1024x576.webp\" class=\"vc_gitem-zone-img\" alt=\"Sabores del monte: gastronom\u00eda para conservar El Impenetrable en pie\"><div class=\"vc_gitem-zone-mini\"><\/div><\/div><\/div><div class=\"vc_gitem-zone vc_gitem-zone-c vc_custom_1419240516480\"><div class=\"vc_gitem-zone-mini\"><div class=\"vc_gitem_row vc_row vc_gitem-row-position-top\"><div class=\"vc_col-sm-12 vc_gitem-col vc_gitem-col-align-\"><div class=\"vc_custom_heading vc_gitem-post-data vc_gitem-post-data-source-post_title\" ><h4 style=\"text-align: left\" >Sabores del monte: gastronom\u00eda para conservar El Impenetrable en pie<\/h4><\/div><div class=\"vc_custom_heading vc_gitem-post-data vc_gitem-post-data-source-post_excerpt\" ><p style=\"text-align: left\" >Sabores del monte: gastronom\u00eda para conservar El Impenetrable en pieEn El Impenetrable cada fruto que cae del \u00e1rbol lleva siglos de historia. Algarrobas, cha\u00f1ares, mistoles, tunas: sabores silvestres que durante generaciones alimentaron a las comunidades criollas, qom y wich\u00ed y que hoy vuelven a cobrar protagonismo en una nueva mirada sobre el monte chaque\u00f1o. La &hellip; <p class=\"link-more\"><a href=\"https:\/\/elimpenetrable.org\/en\/saboresimpenetrable\/\" class=\"more-link\">Read more<span class=\"screen-reader-text\"> \"Sabores del monte: gastronom\u00eda para conservar El Impenetrable en pie\"<\/span><\/a><\/p><\/p><\/div><div class=\"vc_btn3-container vc_btn3-left\"><a class=\"vc_general vc_btn3 vc_btn3-size-md vc_btn3-shape-rounded vc_btn3-style-flat vc_btn3-color-juicy-pink\" a href=\"https:\/\/elimpenetrable.org\/en\/saboresimpenetrable\/\" title=\"Read more\">Read more<\/a><\/div><\/div><\/div><\/div><\/div><\/div><div class=\"vc_clearfix\"><\/div><\/div><div class=\"vc_grid-item vc_clearfix vc_col-sm-4 vc_grid-item-zone-c-bottom\"><div class=\"vc_grid-item-mini vc_clearfix\"><div class=\"vc_gitem-animated-block\" ><div class=\"vc_gitem-zone vc_gitem-zone-a vc-gitem-zone-height-mode-auto vc-gitem-zone-height-mode-auto-1-1 vc_gitem-is-link\" style=\"background-image: url('https:\/\/elimpenetrable.org\/wp-content\/uploads\/2025\/07\/Impenetrable_Algarrobo_Ph-Miranda-Volpe_Rewilding-Argentina__DSC_1088-1024x681.webp') !important;\"><a href=\"https:\/\/elimpenetrable.org\/en\/el-impenetrable-algarrobo-conservacion\/\" title=\"Las selvas en galer\u00eda y el futuro incierto de \u201cel \u00e1rbol\u201d\" class=\"vc_gitem-link vc-zone-link\" ><\/a><img decoding=\"async\" src=\"https:\/\/elimpenetrable.org\/wp-content\/uploads\/2025\/07\/Impenetrable_Algarrobo_Ph-Miranda-Volpe_Rewilding-Argentina__DSC_1088-1024x681.webp\" class=\"vc_gitem-zone-img\" alt=\"Las selvas en galer\u00eda y el futuro incierto de \u201cel \u00e1rbol\u201d\"><div class=\"vc_gitem-zone-mini\"><\/div><\/div><\/div><div class=\"vc_gitem-zone vc_gitem-zone-c vc_custom_1419240516480\"><div class=\"vc_gitem-zone-mini\"><div class=\"vc_gitem_row vc_row vc_gitem-row-position-top\"><div class=\"vc_col-sm-12 vc_gitem-col vc_gitem-col-align-\"><div class=\"vc_custom_heading vc_gitem-post-data vc_gitem-post-data-source-post_title\" ><h4 style=\"text-align: left\" >Las selvas en galer\u00eda y el futuro incierto de \u201cel \u00e1rbol\u201d<\/h4><\/div><div class=\"vc_custom_heading vc_gitem-post-data vc_gitem-post-data-source-post_excerpt\" ><p style=\"text-align: left\" >Las selvas en galer\u00eda y el futuro incierto de \u201cel \u00e1rbol\u201dEn el Chaco las selvas son din\u00e1micas ya que se desarrollan y mueren seg\u00fan el comportamiento del Bermejo. Pero hay un \u00e1rbol que ha logrado adaptarse: el algarrobo. Por qu\u00e9 su conservaci\u00f3n es clave. El Chaco, esa gran planicie que se extiende en el centro &hellip; <p class=\"link-more\"><a href=\"https:\/\/elimpenetrable.org\/en\/el-impenetrable-algarrobo-conservacion\/\" class=\"more-link\">Read more<span class=\"screen-reader-text\"> \"Las selvas en galer\u00eda y el futuro incierto de \u201cel \u00e1rbol\u201d\"<\/span><\/a><\/p><\/p><\/div><div class=\"vc_btn3-container vc_btn3-left\"><a class=\"vc_general vc_btn3 vc_btn3-size-md vc_btn3-shape-rounded vc_btn3-style-flat vc_btn3-color-juicy-pink\" a href=\"https:\/\/elimpenetrable.org\/en\/el-impenetrable-algarrobo-conservacion\/\" title=\"Read more\">Read more<\/a><\/div><\/div><\/div><\/div><\/div><\/div><div class=\"vc_clearfix\"><\/div><\/div><div class=\"vc_grid-item vc_clearfix vc_col-sm-4 vc_grid-item-zone-c-bottom\"><div class=\"vc_grid-item-mini vc_clearfix\"><div class=\"vc_gitem-animated-block\" ><div class=\"vc_gitem-zone vc_gitem-zone-a vc-gitem-zone-height-mode-auto vc-gitem-zone-height-mode-auto-1-1 vc_gitem-is-link\" style=\"background-image: url('https:\/\/elimpenetrable.org\/wp-content\/uploads\/2025\/06\/Yaguarete-Malu-Sebastian-Navajas-Rewilding-Argentina-1237-Large-1024x682.webp') !important;\"><a href=\"https:\/\/elimpenetrable.org\/en\/libro-arte-ei\/\" title=\"Libro Arte El Impenetrable\" class=\"vc_gitem-link vc-zone-link\" ><\/a><img decoding=\"async\" src=\"https:\/\/elimpenetrable.org\/wp-content\/uploads\/2025\/06\/Yaguarete-Malu-Sebastian-Navajas-Rewilding-Argentina-1237-Large-1024x682.webp\" class=\"vc_gitem-zone-img\" alt=\"Libro Arte El Impenetrable\"><div class=\"vc_gitem-zone-mini\"><\/div><\/div><\/div><div class=\"vc_gitem-zone vc_gitem-zone-c vc_custom_1419240516480\"><div class=\"vc_gitem-zone-mini\"><div class=\"vc_gitem_row vc_row vc_gitem-row-position-top\"><div class=\"vc_col-sm-12 vc_gitem-col vc_gitem-col-align-\"><div class=\"vc_custom_heading vc_gitem-post-data vc_gitem-post-data-source-post_title\" ><h4 style=\"text-align: left\" >Libro Arte El Impenetrable<\/h4><\/div><div class=\"vc_custom_heading vc_gitem-post-data vc_gitem-post-data-source-post_excerpt\" ><p style=\"text-align: left\" >Libro-arteEl Impenetrable El libro-arte EL IMPENETRABLE retrata a esta regi\u00f3n salvaje y poco explorada del norte argentino, a su fauna y su vegetaci\u00f3n exuberante, sus r\u00edos sinuosos y animales ic\u00f3nicos,\u00a0y a su cultura viva en tradiciones y estilos de vida. Atributos \u00fanicos que pertenecen a este lugar, y que alumbran su potencial de convertirse en &hellip; <p class=\"link-more\"><a href=\"https:\/\/elimpenetrable.org\/en\/libro-arte-ei\/\" class=\"more-link\">Read more<span class=\"screen-reader-text\"> \"Libro Arte El Impenetrable\"<\/span><\/a><\/p><\/p><\/div><div class=\"vc_btn3-container vc_btn3-left\"><a class=\"vc_general vc_btn3 vc_btn3-size-md vc_btn3-shape-rounded vc_btn3-style-flat vc_btn3-color-juicy-pink\" a href=\"https:\/\/elimpenetrable.org\/en\/libro-arte-ei\/\" title=\"Read more\">Read more<\/a><\/div><\/div><\/div><\/div><\/div><\/div><div class=\"vc_clearfix\"><\/div><\/div><div class=\"vc_grid-item vc_clearfix vc_col-sm-4 vc_grid-item-zone-c-bottom\"><div class=\"vc_grid-item-mini vc_clearfix\"><div class=\"vc_gitem-animated-block\" ><div class=\"vc_gitem-zone vc_gitem-zone-a vc-gitem-zone-height-mode-auto vc-gitem-zone-height-mode-auto-1-1 vc_gitem-is-link\" style=\"background-image: url('https:\/\/elimpenetrable.org\/wp-content\/uploads\/2025\/06\/Teuco-Gerardo-Ceron.webp') !important;\"><a href=\"https:\/\/elimpenetrable.org\/en\/el-bermejo\/\" title=\"El Bermejo, un r\u00edo salvaje\" class=\"vc_gitem-link vc-zone-link\" ><\/a><img decoding=\"async\" src=\"https:\/\/elimpenetrable.org\/wp-content\/uploads\/2025\/06\/Teuco-Gerardo-Ceron.webp\" class=\"vc_gitem-zone-img\" alt=\"El Bermejo, un r\u00edo salvaje\"><div class=\"vc_gitem-zone-mini\"><\/div><\/div><\/div><div class=\"vc_gitem-zone vc_gitem-zone-c vc_custom_1419240516480\"><div class=\"vc_gitem-zone-mini\"><div class=\"vc_gitem_row vc_row vc_gitem-row-position-top\"><div class=\"vc_col-sm-12 vc_gitem-col vc_gitem-col-align-\"><div class=\"vc_custom_heading vc_gitem-post-data vc_gitem-post-data-source-post_title\" ><h4 style=\"text-align: left\" >El Bermejo, un r\u00edo salvaje<\/h4><\/div><div class=\"vc_custom_heading vc_gitem-post-data vc_gitem-post-data-source-post_excerpt\" ><p style=\"text-align: left\" >El Bermejo, un r\u00edo salvaje que cambia su cauce y sin cuyas aguas nadie puede vivir en El Impenetrable.El r\u00edo brinda agua potable a las poblaciones, a la fauna silvestre y tambi\u00e9n a las producciones agropecuarias. Se necesita una planificaci\u00f3n de uso del agua a lo largo de la cuenca. El r\u00edo Bermejo tiene 1.450 &hellip; <p class=\"link-more\"><a href=\"https:\/\/elimpenetrable.org\/en\/el-bermejo\/\" class=\"more-link\">Read more<span class=\"screen-reader-text\"> \"El Bermejo, un r\u00edo salvaje\"<\/span><\/a><\/p><\/p><\/div><div class=\"vc_btn3-container vc_btn3-left\"><a class=\"vc_general vc_btn3 vc_btn3-size-md vc_btn3-shape-rounded vc_btn3-style-flat vc_btn3-color-juicy-pink\" a href=\"https:\/\/elimpenetrable.org\/en\/el-bermejo\/\" title=\"Read more\">Read more<\/a><\/div><\/div><\/div><\/div><\/div><\/div><div class=\"vc_clearfix\"><\/div><\/div><\/div><\/div>\n\t<\/div>\n<\/div><\/div><\/div><\/div><\/div><\/section><div class=\"vc_row-full-width vc_clearfix\"><\/div>","protected":false},"excerpt":{"rendered":"Blog Global Big Day Argentina 2025Global Big Day Argentina 2025El Global Big Day es la jornada global en la que miles de personas registran la mayor cantidad de aves en un solo d\u00eda. Este 10, 11 y 12 de octubre, El Impenetrable se suma a la celebraci\u00f3n. Particip\u00e1 registrando tus avistajes en eBird y conoc\u00e9 &hellip; <p class=\"link-more\"><a href=\"https:\/\/elimpenetrable.org\/en\/blog\/\" class=\"more-link\">Read more<span class=\"screen-reader-text\"> \"Blog\"<\/span><\/a><\/p>","protected":false},"author":2,"featured_media":33,"parent":0,"menu_order":0,"comment_status":"closed","ping_status":"closed","template":"page-templates\/homepage-no-hero.php","meta":{"inspiro_hide_title":false,"footnotes":""},"class_list":["post-806","page","type-page","status-publish","has-post-thumbnail","hentry"],"_links":{"self":[{"href":"https:\/\/elimpenetrable.org\/en\/wp-json\/wp\/v2\/pages\/806","targetHints":{"allow":["GET"]}}],"collection":[{"href":"https:\/\/elimpenetrable.org\/en\/wp-json\/wp\/v2\/pages"}],"about":[{"href":"https:\/\/elimpenetrable.org\/en\/wp-json\/wp\/v2\/types\/page"}],"author":[{"embeddable":true,"href":"https:\/\/elimpenetrable.org\/en\/wp-json\/wp\/v2\/users\/2"}],"replies":[{"embeddable":true,"href":"https:\/\/elimpenetrable.org\/en\/wp-json\/wp\/v2\/comments?post=806"}],"version-history":[{"count":9,"href":"https:\/\/elimpenetrable.org\/en\/wp-json\/wp\/v2\/pages\/806\/revisions"}],"predecessor-version":[{"id":857,"href":"https:\/\/elimpenetrable.org\/en\/wp-json\/wp\/v2\/pages\/806\/revisions\/857"}],"wp:featuredmedia":[{"embeddable":true,"href":"https:\/\/elimpenetrable.org\/en\/wp-json\/wp\/v2\/media\/33"}],"wp:attachment":[{"href":"https:\/\/elimpenetrable.org\/en\/wp-json\/wp\/v2\/media?parent=806"}],"curies":[{"name":"wp","href":"https:\/\/api.w.org\/{rel}","templated":true}]}}