{"id":629,"date":"2024-06-25T18:15:31","date_gmt":"2024-06-25T18:15:31","guid":{"rendered":"https:\/\/elimpenetrable.org\/?page_id=629"},"modified":"2024-10-10T11:25:07","modified_gmt":"2024-10-10T11:25:07","slug":"5000aventureros","status":"publish","type":"page","link":"https:\/\/elimpenetrable.org\/en\/5000aventureros\/","title":{"rendered":"5000 aventureros"},"content":{"rendered":"<section id=\"enca\" data-vc-full-width=\"true\" data-vc-full-width-init=\"false\" class=\"vc_section encabezado sombra vc_custom_1720021145056 vc_section-has-fill vc_section-o-content-top vc_section-flex\"><div data-vc-full-width=\"true\" data-vc-full-width-init=\"false\" data-vc-stretch-content=\"true\" class=\"vc_row wpb_row vc_row-fluid vc_custom_1720021218289 vc_row-o-content-middle vc_row-flex\"><div class=\"wpb_column vc_column_container vc_col-sm-12 vc_col-lg-offset-1 vc_col-lg-10 vc_col-md-offset-1 vc_col-md-10 vc_col-xs-12\"><div class=\"vc_column-inner\"><div class=\"wpb_wrapper\">\n\t<div  class=\"wpb_single_image wpb_content_element vc_align_center   imagen-header-1\">\n\t\t\n\t\t<figure class=\"wpb_wrapper vc_figure\">\n\t\t\t<div class=\"vc_single_image-wrapper   vc_box_border_grey\"><img loading=\"lazy\" decoding=\"async\" width=\"624\" height=\"431\" src=\"https:\/\/elimpenetrable.org\/wp-content\/uploads\/2024\/07\/Diseno_sin_titulo__3_-removebg-preview.png\" class=\"vc_single_image-img attachment-full\" alt=\"\" title=\"Asset 1\" sizes=\"auto, 100vw\" \/><\/div>\n\t\t<\/figure>\n\t<\/div>\n\n\t<div  class=\"wpb_single_image wpb_content_element vc_align_center   imagen-header-2 hidden-xs\">\n\t\t\n\t\t<figure class=\"wpb_wrapper vc_figure\">\n\t\t\t<div class=\"vc_single_image-wrapper   vc_box_border_grey\"><img loading=\"lazy\" decoding=\"async\" width=\"727\" height=\"170\" src=\"https:\/\/elimpenetrable.org\/wp-content\/uploads\/2022\/07\/Asset-9@2x.png\" class=\"vc_single_image-img attachment-full\" alt=\"\" title=\"Asset 9@2x\" srcset=\"https:\/\/elimpenetrable.org\/wp-content\/uploads\/2022\/07\/Asset-9@2x.png 727w, https:\/\/elimpenetrable.org\/wp-content\/uploads\/2022\/07\/Asset-9@2x-300x70.png 300w, https:\/\/elimpenetrable.org\/wp-content\/uploads\/2022\/07\/Asset-9@2x-18x4.webp 18w\" sizes=\"auto, 100vw\" \/><\/div>\n\t\t<\/figure>\n\t<\/div>\n<\/div><\/div><\/div><\/div><div class=\"vc_row-full-width vc_clearfix\"><\/div><\/section><div class=\"vc_row-full-width vc_clearfix\"><\/div><section class=\"vc_section vc_custom_1719341647461 vc_section-has-fill\"><div id=\"impe\" data-vc-full-width=\"true\" data-vc-full-width-init=\"false\" data-vc-stretch-content=\"true\" class=\"vc_row wpb_row vc_row-fluid section-texto-1 vc_row-no-padding\"><div class=\"wpb_column vc_column_container vc_col-sm-12 vc_col-lg-offset-3 vc_col-lg-6 vc_col-md-offset-3 vc_col-md-6 vc_col-xs-offset-1 vc_col-xs-10\"><div class=\"vc_column-inner\"><div class=\"wpb_wrapper\"><div class=\"vc_empty_space  impe-vacio\"   style=\"height: 15vh\"><span class=\"vc_empty_space_inner\"><\/span><\/div>\n\t<div class=\"wpb_text_column wpb_content_element  vc_custom_1719342541910 light white\" >\n\t\t<div class=\"wpb_wrapper\">\n\t\t\t<h2 style=\"text-align: center;\">El Impenetrable National Park in Chaco Province safeguards some of the last remaining forests of carob, palo santo, and quebracho trees; grasslands, marshlands, and lakes of the Argentine Chaco; and endangered species such as giant armadillos, giant anteaters, and jaguars.<\/h2>\n\n\t\t<\/div>\n\t<\/div>\n\n\t<div class=\"wpb_text_column wpb_content_element  vc_custom_1719342527204 light white\" >\n\t\t<div class=\"wpb_wrapper\">\n\t\t\t<h2 style=\"text-align: center;\">To celebrate ten years since its creation, we set ourselves a new goal: welcoming 5000 adventurers who seek to experience the wild nature of our country and become part of a new economy that benefits people and wildlife.<\/h2>\n\n\t\t<\/div>\n\t<\/div>\n\n\t<div class=\"wpb_text_column wpb_content_element  vc_custom_1719342599077 light white\" >\n\t\t<div class=\"wpb_wrapper\">\n\t\t\t<h3 style=\"text-align: center;\">Become one of the 5000 adventurers promoting a new restorative economy in the forests and jungles of the Dry Chaco!<\/h3>\n\n\t\t<\/div>\n\t<\/div>\n<div class=\"vc_empty_space  impe-vacio\"   style=\"height: 5vh\"><span class=\"vc_empty_space_inner\"><\/span><\/div><div class=\"vc_btn3-container  boton fondo-verde vc_btn3-center\" ><a style=\"background-color:#ff7115; color:#ffffff;\" class=\"vc_general vc_btn3 vc_btn3-size-md vc_btn3-shape-square vc_btn3-style-custom\" href=\"https:\/\/elimpenetrable.org\/wp-content\/uploads\/2024\/06\/Impenetrable_Valorespromocionales_Julio2024.pdf\" title=\"\" target=\"_blank\">VIEW MORE TOURIST PROPOSALS<\/a><\/div><div class=\"vc_empty_space  impe-vacio\"   style=\"height: 15vh\"><span class=\"vc_empty_space_inner\"><\/span><\/div><\/div><\/div><\/div><\/div><div class=\"vc_row-full-width vc_clearfix\"><\/div><\/section><section class=\"vc_section vc_custom_1719343545096 vc_section-has-fill\"><div id=\"video\" class=\"vc_row wpb_row vc_row-fluid\"><div class=\"wpb_column vc_column_container vc_col-sm-12 vc_col-lg-offset-2 vc_col-lg-8 vc_col-md-offset-2 vc_col-md-8 vc_col-xs-offset-2 vc_col-xs-8\"><div class=\"vc_column-inner vc_custom_1719425342838\"><div class=\"wpb_wrapper\">\n\t<div class=\"wpb_video_widget wpb_content_element vc_clearfix   vc_video-aspect-ratio-169 vc_video-el-width-100 vc_video-align-left\" >\n\t\t<div class=\"wpb_wrapper\">\n\t\t\t\n\t\t\t<div class=\"wpb_video_wrapper\"><iframe loading=\"lazy\" title=\"El Impenetrable - Naturaleza Que Despierta - A 10 a\u00f1os del Parque Nacional\" width=\"950\" height=\"534\" src=\"https:\/\/www.youtube.com\/embed\/eUyNNHOQrhk?feature=oembed\" frameborder=\"0\" allow=\"accelerometer; autoplay; clipboard-write; encrypted-media; gyroscope; picture-in-picture; web-share\" referrerpolicy=\"strict-origin-when-cross-origin\" allowfullscreen><\/iframe><\/div>\n\t\t<\/div>\n\t<\/div>\n<div class=\"vc_empty_space  impe-vacio\"   style=\"height: 15vh\"><span class=\"vc_empty_space_inner\"><\/span><\/div><\/div><\/div><\/div><\/div><\/section><section class=\"vc_section vc_custom_1719343545096 vc_section-has-fill\"><div class=\"vc_row wpb_row vc_row-fluid\"><div class=\"wpb_column vc_column_container vc_col-sm-6 vc_col-lg-offset-3 vc_col-lg-3 vc_col-md-offset-3 vc_col-md-3 vc_col-xs-offset-2 vc_col-xs-8\"><div class=\"vc_column-inner vc_custom_1719425295489\"><div class=\"wpb_wrapper\"><div class=\"vc_empty_space  impe-vacio\"   style=\"height: 5vh\"><span class=\"vc_empty_space_inner\"><\/span><\/div><div class=\"vc_btn3-container  boton fondo-verde vc_btn3-center\" ><a style=\"background-color:#ff7115; color:#ffffff;\" class=\"vc_general vc_btn3 vc_btn3-size-md vc_btn3-shape-square vc_btn3-style-custom vc_btn3-block\" href=\"https:\/\/elimpenetrable.org\/en\/donde-dormir\/\" title=\"Where To Stay\">HOW TO GET THERE<\/a><\/div><\/div><\/div><\/div><div class=\"wpb_column vc_column_container vc_col-sm-6 vc_col-lg-offset-0 vc_col-lg-3 vc_col-md-offset-0 vc_col-md-3 vc_col-xs-offset-2 vc_col-xs-8\"><div class=\"vc_column-inner\"><div class=\"wpb_wrapper\"><div class=\"vc_empty_space  impe-vacio\"   style=\"height: 5vh\"><span class=\"vc_empty_space_inner\"><\/span><\/div><div class=\"vc_btn3-container  boton fondo-verde vc_btn3-center\" ><a style=\"background-color:#ff7115; color:#ffffff;\" class=\"vc_general vc_btn3 vc_btn3-size-md vc_btn3-shape-square vc_btn3-style-custom vc_btn3-block\" href=\"https:\/\/elimpenetrable.org\/en\/como-llegar\/\" title=\"How To Get There\">WHERE TO STAY<\/a><\/div><\/div><\/div><\/div><\/div><div class=\"vc_row wpb_row vc_row-fluid\"><div class=\"wpb_column vc_column_container vc_col-sm-12 vc_col-lg-offset-2 vc_col-lg-8 vc_col-md-offset-2 vc_col-md-8 vc_col-xs-offset-1 vc_col-xs-10\"><div class=\"vc_column-inner vc_custom_1659023624050\"><div class=\"wpb_wrapper\"><div class=\"vc_empty_space  impe-vacio\"   style=\"height: 5vh\"><span class=\"vc_empty_space_inner\"><\/span><\/div><div class=\"vc_empty_space  impe-vacio\"   style=\"height: 5vh\"><span class=\"vc_empty_space_inner\"><\/span><\/div><\/div><\/div><\/div><\/div><\/section><section id=\"rewilding\" data-vc-full-width=\"true\" data-vc-full-width-init=\"false\" data-vc-stretch-content=\"true\" class=\"vc_section vc_custom_1656777453814 vc_section-has-fill vc_section-o-content-top vc_section-flex\"><div class=\"vc_row wpb_row vc_row-fluid vc_row-o-equal-height vc_row-flex\"><div class=\"foto wpb_column vc_column_container vc_col-sm-6 vc_col-lg-offset-0 vc_col-lg-6 vc_col-md-offset-0 vc_col-md-6 vc_col-xs-12 vc_col-has-fill\"><div class=\"vc_column-inner vc_custom_1720030543251\"><div class=\"wpb_wrapper\"><\/div><\/div><\/div><div class=\"wpb_column vc_column_container vc_col-sm-6 vc_col-lg-offset-0 vc_col-lg-6 vc_col-md-offset-0 vc_col-md-6 vc_col-xs-offset-1 vc_col-xs-10 vc_col-has-fill\"><div class=\"vc_column-inner vc_custom_1719426033518\"><div class=\"wpb_wrapper\"><div class=\"vc_empty_space\"   style=\"height: 15vh\"><span class=\"vc_empty_space_inner\"><\/span><\/div>\n\t<div class=\"wpb_text_column wpb_content_element  light blanco\" >\n\t\t<div class=\"wpb_wrapper\">\n\t\t\t<h2 style=\"text-align: left;\">A Destination with a Triple Impact<\/h2>\n\n\t\t<\/div>\n\t<\/div>\n\n\t<div class=\"wpb_text_column wpb_content_element  light blanco\" >\n\t\t<div class=\"wpb_wrapper\">\n\t\t\t<p>Nature tourism has a triple positive impact: it helps conserve nature, improves the wellbeing of local communities, and permanently transforms the visitor, who becomes an essential piece of new restorative economies based on nature tourism.<\/p>\n<p>Natural parks are an engine driving economic and social resurgence when they are open and have public access points as well as the infrastructure to receive visitors, such as trails, shelters, and campgrounds\u2014all of which you can find at El Impenetrable.<\/p>\n\n\t\t<\/div>\n\t<\/div>\n<div class=\"vc_empty_space\"   style=\"height: 15vh\"><span class=\"vc_empty_space_inner\"><\/span><\/div><\/div><\/div><\/div><\/div><div class=\"vc_row wpb_row vc_row-fluid swap-on-mobile vc_rtl-columns-reverse vc_row-o-equal-height vc_row-flex\"><div class=\"wpb_column vc_column_container vc_col-sm-6 vc_col-lg-offset-0 vc_col-lg-6 vc_col-md-offset-0 vc_col-md-6 vc_col-xs-offset-1 vc_col-xs-10 vc_col-has-fill\"><div class=\"vc_column-inner vc_custom_1719426023258\"><div class=\"wpb_wrapper\"><div class=\"vc_empty_space\"   style=\"height: 15vh\"><span class=\"vc_empty_space_inner\"><\/span><\/div>\n\t<div class=\"wpb_text_column wpb_content_element  light blanco\" >\n\t\t<div class=\"wpb_wrapper\">\n\t\t\t<p>In these parks and the surrounding areas, nature tourism promotes the creation of a virtuous circle between conservation and local development, in which natural ecosystems full of abundant wildlife support new economies based on wildlife-watching.<\/p>\n<p>This way, the income of communities is more equitable and better distributed: women, men, adults, and youths alike contribute their knowledge of traditional customs and local wildlife, even as they improve their education and training for this new economic activity.<\/p>\n\n\t\t<\/div>\n\t<\/div>\n<div class=\"vc_empty_space\"   style=\"height: 15vh\"><span class=\"vc_empty_space_inner\"><\/span><\/div><\/div><\/div><\/div><div class=\"foto wpb_column vc_column_container vc_col-sm-6 vc_col-lg-offset-0 vc_col-lg-6 vc_col-md-offset-0 vc_col-md-6 vc_col-xs-12 vc_col-has-fill\"><div class=\"vc_column-inner vc_custom_1720030549808\"><div class=\"wpb_wrapper\"><\/div><\/div><\/div><\/div><\/section><div class=\"vc_row-full-width vc_clearfix\"><\/div><section class=\"vc_section vc_custom_1719366903898 vc_section-has-fill\"><div class=\"vc_row wpb_row vc_row-fluid\"><div class=\"wpb_column vc_column_container vc_col-sm-6 vc_col-lg-offset-3 vc_col-lg-6 vc_col-md-offset-3 vc_col-md-6 vc_col-xs-offset-1 vc_col-xs-10\"><div class=\"vc_column-inner\"><div class=\"wpb_wrapper\"><div class=\"vc_empty_space  impe-vacio\"   style=\"height: 5vh\"><span class=\"vc_empty_space_inner\"><\/span><\/div>\n\t<div class=\"wpb_text_column wpb_content_element  vc_custom_1719366983553 light white blanco\" >\n\t\t<div class=\"wpb_wrapper\">\n\t\t\t<h3 style=\"text-align: center;\">Download the book El Impenetrable, a Territory for the Economy of Nature in the Dry Chaco to learn more about El Impenetrable and restorative economies based on complete and functional ecosystems.<\/h3>\n\n\t\t<\/div>\n\t<\/div>\n<div class=\"vc_btn3-container  boton fondo-verde vc_btn3-center\" ><a style=\"background-color:#ff7115; color:#ffffff;\" class=\"vc_general vc_btn3 vc_btn3-size-md vc_btn3-shape-square vc_btn3-style-custom\" href=\"https:\/\/www.rewildingargentina.org\/wp-content\/uploads\/2024\/07\/El-Impenetrable-Un-Territorio-de-Produccion-de-Naturaleza-en-el-Chaco-Seco-2024.pdf\" title=\"\" target=\"_blank\">DOWNLOAD<\/a><\/div><div class=\"vc_empty_space  impe-vacio\"   style=\"height: 5vh\"><span class=\"vc_empty_space_inner\"><\/span><\/div><\/div><\/div><\/div><\/div><\/section>","protected":false},"excerpt":{"rendered":"El Parque Nacional El Impenetrable en la provincia del Chaco resguarda algunos de los \u00faltimos bosques de algarrobos, palo santos y quebrachos, pastizales, ba\u00f1ados y lagunas del Chaco argentino, y tambi\u00e9n especies en peligro de extinci\u00f3n como el tat\u00fa carreta, el oso hormiguero gigante y el yaguaret\u00e9. Para celebrar los diez a\u00f1os de su creaci\u00f3n, &hellip; <p class=\"link-more\"><a href=\"https:\/\/elimpenetrable.org\/en\/5000aventureros\/\" class=\"more-link\">Read more<span class=\"screen-reader-text\"> \"5000 aventureros\"<\/span><\/a><\/p>","protected":false},"author":2,"featured_media":630,"parent":0,"menu_order":0,"comment_status":"closed","ping_status":"closed","template":"page-templates\/homepage-no-hero.php","meta":{"inspiro_hide_title":false,"footnotes":""},"class_list":["post-629","page","type-page","status-publish","has-post-thumbnail","hentry"],"_links":{"self":[{"href":"https:\/\/elimpenetrable.org\/en\/wp-json\/wp\/v2\/pages\/629","targetHints":{"allow":["GET"]}}],"collection":[{"href":"https:\/\/elimpenetrable.org\/en\/wp-json\/wp\/v2\/pages"}],"about":[{"href":"https:\/\/elimpenetrable.org\/en\/wp-json\/wp\/v2\/types\/page"}],"author":[{"embeddable":true,"href":"https:\/\/elimpenetrable.org\/en\/wp-json\/wp\/v2\/users\/2"}],"replies":[{"embeddable":true,"href":"https:\/\/elimpenetrable.org\/en\/wp-json\/wp\/v2\/comments?post=629"}],"version-history":[{"count":59,"href":"https:\/\/elimpenetrable.org\/en\/wp-json\/wp\/v2\/pages\/629\/revisions"}],"predecessor-version":[{"id":796,"href":"https:\/\/elimpenetrable.org\/en\/wp-json\/wp\/v2\/pages\/629\/revisions\/796"}],"wp:featuredmedia":[{"embeddable":true,"href":"https:\/\/elimpenetrable.org\/en\/wp-json\/wp\/v2\/media\/630"}],"wp:attachment":[{"href":"https:\/\/elimpenetrable.org\/en\/wp-json\/wp\/v2\/media?parent=629"}],"curies":[{"name":"wp","href":"https:\/\/api.w.org\/{rel}","templated":true}]}}