{"id":247,"date":"2022-06-30T21:34:37","date_gmt":"2022-06-30T21:34:37","guid":{"rendered":"https:\/\/elimpenetrable.org\/?page_id=247"},"modified":"2024-07-18T23:29:32","modified_gmt":"2024-07-18T23:29:32","slug":"recomendaciones","status":"publish","type":"page","link":"https:\/\/elimpenetrable.org\/en\/recomendaciones\/","title":{"rendered":"recomendaciones"},"content":{"rendered":"<section id=\"enca\" data-vc-full-width=\"true\" data-vc-full-width-init=\"false\" class=\"vc_section encabezado sombra vc_custom_1656727230581 vc_section-has-fill vc_section-o-content-top vc_section-flex\"><div data-vc-full-width=\"true\" data-vc-full-width-init=\"false\" data-vc-stretch-content=\"true\" class=\"vc_row wpb_row vc_row-fluid vc_custom_1656617805769 vc_row-o-content-middle vc_row-flex\"><div class=\"wpb_column vc_column_container vc_col-sm-12 vc_col-lg-offset-1\/5 vc_col-lg-3\/5 vc_col-md-offset-2 vc_col-md-8 vc_col-xs-12\"><div class=\"vc_column-inner\"><div class=\"wpb_wrapper\">\n\t<div class=\"wpb_text_column wpb_content_element  wpb_animate_when_almost_visible wpb_fadeIn fadeIn blanco basic\" >\n\t\t<div class=\"wpb_wrapper\">\n\t\t\t<h1 class=\"blanco\" style=\"text-align: center; font-family: 'Basic-Sans';\">Explore Responsibly<\/h1>\n\n\t\t<\/div>\n\t<\/div>\n<\/div><\/div><\/div><\/div><div class=\"vc_row-full-width vc_clearfix\"><\/div><\/section><div class=\"vc_row-full-width vc_clearfix\"><\/div><div id=\"recomendaciones\" class=\"vc_row wpb_row vc_row-fluid\"><div class=\"wpb_column vc_column_container vc_col-sm-12 vc_col-lg-offset-2 vc_col-lg-8 vc_col-md-offset-2 vc_col-md-8\"><div class=\"vc_column-inner\"><div class=\"wpb_wrapper\"><div class=\"vc_empty_space\"   style=\"height: 15vh\"><span class=\"vc_empty_space_inner\"><\/span><\/div>\n\t<div class=\"wpb_text_column wpb_content_element  wpb_animate_when_almost_visible wpb_fadeIn fadeIn light\" >\n\t\t<div class=\"wpb_wrapper\">\n\t\t\t<h2 style=\"text-align: center; font-family: 'Basic-Sans';\">Recommendations for maintaining the natural beauty and ecosystemic health of the region of El Impenetrable National Park and enjoying this tourist destination to the fullest:<\/h2>\n\n\t\t<\/div>\n\t<\/div>\n<div class=\"vc_empty_space\"   style=\"height: 15vh\"><span class=\"vc_empty_space_inner\"><\/span><\/div><\/div><\/div><\/div><div class=\"wpb_column vc_column_container vc_col-sm-12 vc_col-lg-offset-4 vc_col-lg-4 vc_col-md-offset-4 vc_col-md-4\"><div class=\"vc_column-inner\"><div class=\"wpb_wrapper\">\n\t<div class=\"wpb_text_column wpb_content_element  regular negro\" >\n\t\t<div class=\"wpb_wrapper\">\n\t\t\t<ul>\n<li style=\"list-style-type: none;\">\n<ul>\n<li><strong>Travel in a four-wheel drive vehicle<\/strong><br \/>\n(rentals are available in the city of Resistencia).<\/li>\n<li><strong>Make sure you have a spare tire<\/strong><br \/>\nPay special attention to vinal thorns along the sides of the road.<\/li>\n<li><strong>Refuel your vehicle whenever possible:<\/strong> distances are long and some towns and villages don\u2019t have gas stations. You can refuel in Castelli, Miraflores, and Nueva Pompeya.<\/li>\n<li><strong>Respect the speed limits within and around the park, even when they seem excessively low:<\/strong> the roads cross wildlife trails, so in order to preserve animals and safety, it\u2019s best to drive slowly and enjoy the scenery.<\/li>\n<li><strong>Always carry a trash bag:<\/strong> all kinds of waste must return to a location that has waste disposal services.<\/li>\n<li><strong>Always carry drinking water:<\/strong> access to drinking water in the area is limited.<\/li>\n<li><strong>At campgrounds and glamping sites, electricity is generated through solar panels. At campgrounds, you cannot charge phones or connect appliances with electrical resistance.<\/strong> At glamping sites, you can charge phones and cameras, but not appliances with electrical resistance<\/li>\n<li>Always carry a flashlight.<\/li>\n<li><strong>Prepare for adventure: <\/strong>carry water, food, a hat, sunscreen, and insect repellent. Layers of clothing are recommended due to the broad temperature range, especially in winter. We recommend light layers that cover your arms and legs.<\/li>\n<li><strong>Don\u2019t chop firewood: <\/strong>though it might seem like it\u2019s abundant, it\u2019s necessary for the ecosystem.<\/li>\n<li><strong>Carry cash:<\/strong> few places accept cards or virtual payment methods.<\/li>\n<li><strong>Cellular and data signals are limited and unreliable.<\/strong><\/li>\n<\/ul>\n<\/li>\n<\/ul>\n\n\t\t<\/div>\n\t<\/div>\n<div class=\"vc_empty_space\"   style=\"height: 15vh\"><span class=\"vc_empty_space_inner\"><\/span><\/div><\/div><\/div><\/div><\/div>","protected":false},"excerpt":{"rendered":"Visita con compromiso Recomendaciones para mantener la belleza natural y la salud ecosist\u00e9mica de la regi\u00f3n del Parque Nacional El Impenetrable y disfrutar al m\u00e1ximo el destino tur\u00edstico: Viajar con camioneta de doble tracci\u00f3n (se puede alquilar en la ciudad de Resistencia). Asegurarse de tener rueda de auxilio. Prestar especial atenci\u00f3n a las espinas de &hellip; <p class=\"link-more\"><a href=\"https:\/\/elimpenetrable.org\/en\/recomendaciones\/\" class=\"more-link\">Read more<span class=\"screen-reader-text\"> \"recomendaciones\"<\/span><\/a><\/p>","protected":false},"author":2,"featured_media":33,"parent":0,"menu_order":0,"comment_status":"closed","ping_status":"closed","template":"page-templates\/homepage-no-hero.php","meta":{"inspiro_hide_title":false,"footnotes":""},"class_list":["post-247","page","type-page","status-publish","has-post-thumbnail","hentry"],"_links":{"self":[{"href":"https:\/\/elimpenetrable.org\/en\/wp-json\/wp\/v2\/pages\/247","targetHints":{"allow":["GET"]}}],"collection":[{"href":"https:\/\/elimpenetrable.org\/en\/wp-json\/wp\/v2\/pages"}],"about":[{"href":"https:\/\/elimpenetrable.org\/en\/wp-json\/wp\/v2\/types\/page"}],"author":[{"embeddable":true,"href":"https:\/\/elimpenetrable.org\/en\/wp-json\/wp\/v2\/users\/2"}],"replies":[{"embeddable":true,"href":"https:\/\/elimpenetrable.org\/en\/wp-json\/wp\/v2\/comments?post=247"}],"version-history":[{"count":26,"href":"https:\/\/elimpenetrable.org\/en\/wp-json\/wp\/v2\/pages\/247\/revisions"}],"predecessor-version":[{"id":726,"href":"https:\/\/elimpenetrable.org\/en\/wp-json\/wp\/v2\/pages\/247\/revisions\/726"}],"wp:featuredmedia":[{"embeddable":true,"href":"https:\/\/elimpenetrable.org\/en\/wp-json\/wp\/v2\/media\/33"}],"wp:attachment":[{"href":"https:\/\/elimpenetrable.org\/en\/wp-json\/wp\/v2\/media?parent=247"}],"curies":[{"name":"wp","href":"https:\/\/api.w.org\/{rel}","templated":true}]}}