{"id":208,"date":"2022-06-30T19:20:47","date_gmt":"2022-06-30T19:20:47","guid":{"rendered":"https:\/\/elimpenetrable.org\/?page_id=208"},"modified":"2025-07-07T01:56:27","modified_gmt":"2025-07-07T01:56:27","slug":"como-llegar","status":"publish","type":"page","link":"https:\/\/elimpenetrable.org\/en\/como-llegar\/","title":{"rendered":"How To Get There"},"content":{"rendered":"<section id=\"enca\" data-vc-full-width=\"true\" data-vc-full-width-init=\"false\" class=\"vc_section encabezado sombra vc_custom_1656617022073 vc_section-has-fill vc_section-o-content-top vc_section-flex\"><div id=\"como\" data-vc-full-width=\"true\" data-vc-full-width-init=\"false\" data-vc-stretch-content=\"true\" class=\"vc_row wpb_row vc_row-fluid vc_custom_1659032572166 vc_row-o-content-middle vc_row-flex\"><div class=\"wpb_column vc_column_container vc_col-sm-12 vc_col-lg-offset-3 vc_col-lg-6 vc_col-md-offset-2 vc_col-md-8 vc_col-xs-offset-1 vc_col-xs-10\"><div class=\"vc_column-inner\"><div class=\"wpb_wrapper\">\n\t<div class=\"wpb_text_column wpb_content_element  wpb_animate_when_almost_visible wpb_fadeIn fadeIn blanco basic\" >\n\t\t<div class=\"wpb_wrapper\">\n\t\t\t<h1 class=\"blanco\" style=\"text-align: center; font-family: 'Basic-Sans';\">How To Get There<\/h1>\n\n\t\t<\/div>\n\t<\/div>\n\n\t<div class=\"wpb_text_column wpb_content_element  wpb_animate_when_almost_visible wpb_fadeIn fadeIn blanco basic shadow\" >\n\t\t<div class=\"wpb_wrapper\">\n\t\t\t<p class=\"blanco\" style=\"text-align: center; font-family: 'Basic-Sans';\">A un paso del monte. A un mundo de distancia de lo cotidiano.<\/p>\n\n\t\t<\/div>\n\t<\/div>\n<\/div><\/div><\/div><\/div><div class=\"vc_row-full-width vc_clearfix\"><\/div><\/section><div class=\"vc_row-full-width vc_clearfix\"><\/div><section id=\"como-llegar\" class=\"vc_section vc_custom_1656948112203 vc_section-o-content-top vc_section-flex\"><div class=\"vc_row wpb_row vc_row-fluid\"><div class=\"wpb_column vc_column_container vc_col-sm-8 vc_col-lg-offset-1\/5 vc_col-lg-3\/5 vc_col-md-offset-1\/5 vc_col-md-3\/5\"><div class=\"vc_column-inner vc_custom_1749749790842\"><div class=\"wpb_wrapper\"><h2 style=\"font-size: 25px;color: #000000;text-align: center\" class=\"vc_custom_heading basic\" >El Impenetrable se encuentra en la provincia de Chaco. El acceso principal se realiza desde Miraflores al sur y desde Nueva Pompeya al norte. De junio a noviembre, el camino de tierra es transitable con veh\u00edculos de tracci\u00f3n simple (4x2). En \u00e9poca de lluvias, se recomienda consultar antes y es preferible contar con doble tracci\u00f3n (4x4).<\/h2><\/div><\/div><\/div><\/div><div class=\"vc_row wpb_row vc_row-fluid vc_row-o-equal-height vc_row-flex\"><div class=\"wpb_column vc_column_container vc_col-sm-6 vc_col-lg-offset-1 vc_col-lg-5 vc_col-md-offset-1 vc_col-md-5 vc_col-xs-offset-1 vc_col-xs-10 vc_col-has-fill\"><div class=\"vc_column-inner vc_custom_1750727115322\"><div class=\"wpb_wrapper\">\n\t<div class=\"wpb_text_column wpb_content_element  vc_custom_1751309001834 negro\" >\n\t\t<div class=\"wpb_wrapper\">\n\t\t\t<h3 style=\"text-align: left; margin-bottom: 0px;\">Veh\u00edculo propio<\/h3>\n\n\t\t<\/div>\n\t<\/div>\n\n\t<div class=\"wpb_text_column wpb_content_element  regular negro\" >\n\t\t<div class=\"wpb_wrapper\">\n\t\t\t<p>Pod\u00e9s venir con tu auto. No hace falta que sea 4&#215;4. Si llueve, consult\u00e1 el estado de los caminos antes de salir. \u2028Llev\u00e1 rueda de auxilio y carg\u00e1 combustible cada vez que puedas.<\/p>\n\n\t\t<\/div>\n\t<\/div>\n\n\t<div class=\"wpb_text_column wpb_content_element  vc_custom_1751309016878 negro\" >\n\t\t<div class=\"wpb_wrapper\">\n\t\t\t<h3 style=\"text-align: left; margin-bottom: 0px;\">Avi\u00f3n o bus + alquiler de veh\u00edculo o transfer<\/h3>\n\n\t\t<\/div>\n\t<\/div>\n\n\t<div class=\"wpb_text_column wpb_content_element  regular negro\" >\n\t\t<div class=\"wpb_wrapper\">\n\t\t\t<p><span style=\"font-weight: 400;\">Lleg\u00e1s en avi\u00f3n o bus a Resistencia o Corrientes; luego pod\u00e9s alquilar un veh\u00edculo para conducir hasta el parque<\/span><span style=\"font-weight: 400;\"> o reservar con anticipaci\u00f3n un transfer compartido.<\/span><br \/>\n<span style=\"font-weight: 400;\">Los aeropuertos cercanos son Resistencia y Corrientes, y tambi\u00e9n hay pistas de aterrizaje cercanas para aviones peque\u00f1os en Nueva Pompeya y Castelli.<\/span><\/p>\n\n\t\t<\/div>\n\t<\/div>\n\n\t<div class=\"wpb_text_column wpb_content_element  vc_custom_1749751203724 negro\" >\n\t\t<div class=\"wpb_wrapper\">\n\t\t\t<h3 style=\"text-align: left; margin-bottom: 0px;\">Transporte p\u00fablico + transfer<\/h3>\n\n\t\t<\/div>\n\t<\/div>\n\n\t<div class=\"wpb_text_column wpb_content_element  regular negro\" >\n\t\t<div class=\"wpb_wrapper\">\n\t\t\t<p>Otra opci\u00f3n es viajar en bus hasta Castelli o Miraflores. Desde ah\u00ed pod\u00e9s contratar un transfer compartido. Se recomienda reservar con anticipaci\u00f3n.<br \/>\n<span style=\"font-weight: 400;\">* Public transportation companies (La Termal from Resistencia and R\u00e1pido Tata from Buenos Aires) reach Miraflores.<\/span><\/p>\n\n\t\t<\/div>\n\t<\/div>\n\n\t<div class=\"wpb_text_column wpb_content_element  vc_custom_1749751363308 negro\" >\n\t\t<div class=\"wpb_wrapper\">\n\t\t\t<h3 style=\"text-align: left; margin-bottom: 0px;\">Navegaci\u00f3n fluvial<\/h3>\n\n\t\t<\/div>\n\t<\/div>\n\n\t<div class=\"wpb_text_column wpb_content_element  regular negro\" >\n\t\t<div class=\"wpb_wrapper\">\n\t\t\t<p>Tambi\u00e9n pod\u00e9s llegar navegando\u2028Por el r\u00edo Bermejo o desde Formosa hasta el Portal N\u00e1utico La Fidelidad.\u2028Una experiencia distinta para quienes buscan aventura desde el agua.<\/p>\n\n\t\t<\/div>\n\t<\/div>\n\n\t<div class=\"wpb_text_column wpb_content_element  vc_custom_1749751961877 negro\" >\n\t\t<div class=\"wpb_wrapper\">\n\t\t\t<h3 style=\"text-align: left; margin-bottom: 0px;\">Distancias al Portal La Armon\u00eda:<\/h3>\n\n\t\t<\/div>\n\t<\/div>\n\n\t<div class=\"wpb_text_column wpb_content_element  regular negro\" >\n\t\t<div class=\"wpb_wrapper\">\n\t\t\t<p>Desde Resistencia: 390 km (asfalto + 60km de tierra)<br \/>\nDesde Corrientes: 400 km (asfalto + 60km de tierra)<br \/>\nDesde S\u00e1enz Pe\u00f1a: 220 km (asfalto +60km de tierra)<br \/>\nDesde Castelli: 110 km (asfalto + 60 km tierra)<br \/>\nDesde Miraflores: 60 km por caminos de tierra<br \/>\nDesde Nueva Pompeya: 55 km por caminos de tierra<\/p>\n\n\t\t<\/div>\n\t<\/div>\n<\/div><\/div><\/div><div class=\"wpb_column vc_column_container vc_col-sm-5 vc_col-lg-offset-0 vc_col-lg-5 vc_col-md-offset-0 vc_col-md-5 vc_col-xs-offset-1 vc_col-xs-10\"><div class=\"vc_column-inner vc_custom_1750727121929\"><div class=\"wpb_wrapper\">\n\t<div class=\"wpb_text_column wpb_content_element  vc_custom_1751310725822 negro\" >\n\t\t<div class=\"wpb_wrapper\">\n\t\t\t<h3 style=\"text-align: left; margin-bottom: 0px;\">Datos \u00fatiles y m\u00e1s informaci\u00f3n:<\/h3>\n\n\t\t<\/div>\n\t<\/div>\n\n\t<div class=\"wpb_text_column wpb_content_element  regular negro\" >\n\t\t<div class=\"wpb_wrapper\">\n\t\t\t<p><b>El Impenetrable<\/b><span style=\"font-weight: 400;\"><br \/>\n<\/span><span style=\"font-weight: 400;\">Instagram: @elimpenetrablechaco<\/span><span style=\"font-weight: 400;\"><br \/>\n<\/span><span style=\"font-weight: 400;\">Website: <\/span><a href=\"https:\/\/elimpenetrable.org\/en\/\"><span style=\"font-weight: 400;\">https:\/\/elimpenetrable.org<\/span><\/a><span style=\"font-weight: 400;\">\u00a0\u00a0<\/span><\/p>\n<p><b>El Impenetrable National Park Municipality<\/b><span style=\"font-weight: 400;\"><br \/>\n<\/span><span style=\"font-weight: 400;\">San Mart\u00edn Ave., corner of Celso P\u00e1ez St., Miraflores (3705), Chaco.<\/span><span style=\"font-weight: 400;\"><br \/>\n<\/span><span style=\"font-weight: 400;\">Email: <\/span><a href=\"mailto:elimpenetrable@apn.gob.ar\"><span style=\"font-weight: 400;\">elimpenetrable@apn.gob.ar<\/span><span style=\"font-weight: 400;\"><br \/>\n<\/span><\/a><span style=\"font-weight: 400;\">Phone number: 03644-201831<\/span><span style=\"font-weight: 400;\"><br \/>\n<\/span><span style=\"font-weight: 400;\">Website: <\/span><a href=\"https:\/\/www.argentina.gob.ar\/parquesnacionales\/elimpenetrable\"><span style=\"font-weight: 400;\">https:\/\/www.argentina.gob.ar\/parquesnacionales\/elimpenetrable<\/span><\/a><span style=\"font-weight: 400;\">\u00a0<\/span><\/p>\n<p><b>Instituto de Turismo del Chaco<\/b><span style=\"font-weight: 400;\"><br \/>\n<\/span><span style=\"font-weight: 400;\">Instagram: @turismochaco <\/span><span style=\"font-weight: 400;\"><br \/>\n<\/span><span style=\"font-weight: 400;\">Website: <\/span><a href=\"https:\/\/turismo.chaco.gob.ar\/\"><span style=\"font-weight: 400;\">https:\/\/turismo.chaco.gob.ar<\/span><\/a><\/p>\n\n\t\t<\/div>\n\t<\/div>\n<\/div><\/div><\/div><\/div><div class=\"vc_row wpb_row vc_row-fluid\"><div class=\"wpb_column vc_column_container vc_col-sm-12\"><div class=\"vc_column-inner\"><div class=\"wpb_wrapper\"><div class=\"vc_empty_space\"   style=\"height: 7vh\"><span class=\"vc_empty_space_inner\"><\/span><\/div><\/div><\/div><\/div><\/div><\/section><section class=\"vc_section\"><div class=\"vc_row wpb_row vc_row-fluid\"><div class=\"wpb_column vc_column_container vc_col-sm-12\"><div class=\"vc_column-inner\"><div class=\"wpb_wrapper\">\n\t<div class=\"wpb_raw_code wpb_content_element wpb_raw_html\" >\n\t\t<div class=\"wpb_wrapper\">\n\t\t\t<iframe \n  src=\"https:\/\/www.google.com\/maps\/embed?pb=!1m18!1m12!1m3!1d7221.449928221124!2d-61.097401305282965!3d-25.178763053372727!2m3!1f0!2f0!3f0!3m2!1i1024!2i768!4f13.1!3m3!1m2!1s0x946add0341e09b9b%3A0x13e22107147a1b53!2sEl%20Impenetrable%20National%20Park!5e0!3m2!1sen!2sar!4v1750340135299!5m2!1sen!2sar\" \n  width=\"100%\" \n  height=\"600\" \n  style=\"border:0;\" \n  allowfullscreen=\"\" \n  loading=\"lazy\" \n  referrerpolicy=\"no-referrer-when-downgrade\">\n<\/iframe>\n\t\t<\/div>\n\t<\/div>\n<\/div><\/div><\/div><\/div><\/section><section class=\"vc_section\"><div class=\"vc_row wpb_row vc_row-fluid\"><style type=\"text\/css\" data-type=\"vc_custom-css\">#footer h6{margin-top:0px; margin-bottom:0px; height:5vh; line-height: 1.1;}\r\n#footer p{font-size:11px!important; }\r\n#footer #mc4wp-form-1 input{\r\nborder: 0px;\r\nborder-bottom: 1px solid black;\r\ncolor: black;\r\npadding: 0px;\r\nmargin-bottom: 0.3vh!important;\r\nfont-size: 11px!important;\r\nmargin-left: 0px!important;\r\nline-height: 1.5;\r\nwidth: 100%;\r\nvertical-align: top;\r\n}\r\n\r\n#footer #mc4wp-form-1 .vc_col-lg-12{padding-left:0px; height: 24px;}\r\n\r\n#footer #mc4wp-form-1 .enviar input {\r\n   border:0px; text-align: left;\r\n}\r\n\r\n#footer #mc4wp-form-1 input::placeholder{color: black;}\r\n#footer #mc4wp-form-1 .enviar{\r\n    width:auto;\r\n    font-size: 13px;\r\n    margin-top: 2px;\r\n    margin-left: 0px;}\r\n    #footer #mc4wp-form-1 .enviar input{text-transform: capitalize; letter-spacing: normal; }\r\n\/* *\/\r\n\/* On screens that are 600px or less, set the background color to olive *\/\r\n@media screen and (max-width: 600px) {\r\n#footer .hidden-xs{display:none;}\r\n#footer .vc_empty_space{height:0px;}\r\n}<\/style><div class=\"wpb_column vc_column_container vc_col-sm-10 vc_col-lg-offset-1 vc_col-lg-10 vc_col-md-offset-1 vc_col-md-10 vc_col-sm-offset-1 vc_col-xs-offset-1 vc_col-xs-10\"><div class=\"vc_column-inner\"><div class=\"wpb_wrapper\"><div id=\"footer\" class=\"vc_row wpb_row vc_row-fluid\"><div class=\"wpb_column vc_column_container vc_col-sm-3 vc_col-md-3 vc_col-sm-offset-0 vc_col-xs-offset-1 vc_col-xs-10\"><div class=\"vc_column-inner\"><div class=\"wpb_wrapper\"><h6 style=\"font-size: 17px;color: #000000;text-align: left\" class=\"vc_custom_heading regular negro\" >Informaci\u00f3n de contacto<\/h6>\n\t<div class=\"wpb_text_column wpb_content_element  regular negro\" >\n\t\t<div class=\"wpb_wrapper\">\n\t\t\t<p><strong>Chaco Tourism Institute<\/strong><br \/>\nInstagram: @turismochaco<br \/>\nWeb: https:\/\/turismo.chaco.gob.ar<\/p>\n\n\t\t<\/div>\n\t<\/div>\n<\/div><\/div><\/div><div class=\"wpb_column vc_column_container vc_col-sm-3 vc_col-md-3 vc_col-sm-offset-0 vc_col-xs-offset-1 vc_col-xs-10\"><div class=\"vc_column-inner\"><div class=\"wpb_wrapper\"><div class=\"vc_empty_space  hidden-xs\"   style=\"height: 5vh\"><span class=\"vc_empty_space_inner\"><\/span><\/div>\n\t<div class=\"wpb_text_column wpb_content_element  regular negro\" >\n\t\t<div class=\"wpb_wrapper\">\n\t\t\t<p><strong>Destino Tur\u00edstico:<\/strong><br \/>\nInstagram: @elimpenetrablechaco<br \/>\nWhatsApp: +5493794654988<br \/>\nMail: destino@elimpenetrable.org<\/p>\n\n\t\t<\/div>\n\t<\/div>\n<\/div><\/div><\/div><div class=\"wpb_column vc_column_container vc_col-sm-3 vc_col-md-3 vc_col-sm-offset-0 vc_col-xs-offset-1 vc_col-xs-10\"><div class=\"vc_column-inner\"><div class=\"wpb_wrapper\"><div class=\"vc_empty_space  hidden-xs\"   style=\"height: 5vh\"><span class=\"vc_empty_space_inner\"><\/span><\/div>\n\t<div class=\"wpb_text_column wpb_content_element  regular negro\" >\n\t\t<div class=\"wpb_wrapper\">\n\t\t\t<p><strong>Parque Nacional El Impenetrable<\/strong><br \/>\nInstagram: @pnelimpenetrable<br \/>\nMail: elimpenetrable@apn.gob.ar<br \/>\nPhone number: 03644-201831<br \/>\nAv. San Mart\u00edn esq. Celso P\u00e1ez s\/n, Miraflores (3705), Chaco<\/p>\n\n\t\t<\/div>\n\t<\/div>\n<\/div><\/div><\/div><div class=\"wpb_column vc_column_container vc_col-sm-3 vc_col-md-3 vc_col-sm-offset-0 vc_col-xs-offset-1 vc_col-xs-10\"><div class=\"vc_column-inner\"><div class=\"wpb_wrapper\"><h6 style=\"font-size: 17px;color: #000000;text-align: left\" class=\"vc_custom_heading regular negro\" >Suscribite a nuestro newsletter<\/h6>\n\t<div class=\"wpb_text_column wpb_content_element  regular negro\" >\n\t\t<div class=\"wpb_wrapper\">\n\t\t\t<script>(function() {\n\twindow.mc4wp = window.mc4wp || {\n\t\tlisteners: [],\n\t\tforms: {\n\t\t\ton: function(evt, cb) {\n\t\t\t\twindow.mc4wp.listeners.push(\n\t\t\t\t\t{\n\t\t\t\t\t\tevent   : evt,\n\t\t\t\t\t\tcallback: cb\n\t\t\t\t\t}\n\t\t\t\t);\n\t\t\t}\n\t\t}\n\t}\n})();\n<\/script><!-- Mailchimp for WordPress v4.12.1 - https:\/\/wordpress.org\/plugins\/mailchimp-for-wp\/ --><form id=\"mc4wp-form-1\" class=\"mc4wp-form mc4wp-form-1002\" method=\"post\" data-id=\"1002\" data-name=\"Newsletter El Impenetrable\" action=\"\" ><div class=\"mc4wp-form-fields\"><div class=\"vc_col-lg-12 vc_col-xs-12\">\r\n<input type=\"text\" id=\"name\" name=\"EMAIL\" placeholder=\"Nombre \/ Name\" required>\r\n<\/div>\r\n<div class=\"vc_col-lg-12 vc_col-xs-12\">\r\n<input type=\"text\" id=\"lastname\" name=\"EMAIL\" placeholder=\"Apellido \/ Last Name\" required>\r\n<\/div>\r\n<div class=\"vc_col-lg-12 vc_col-xs-12\">\r\n<input type=\"email\" id=\"email\" name=\"EMAIL\" placeholder=\"E-mail\" required>\r\n<\/div>\r\n<div class=\"enviar\">\r\n\t<input type=\"submit\" value=\"Enviar \/ Submit\">\r\n<\/div><\/div><label style=\"display: none !important;\">Leave this field empty if you're human: <input type=\"text\" name=\"_mc4wp_honeypot\" value=\"\" tabindex=\"-1\" autocomplete=\"off\" \/><\/label><input type=\"hidden\" name=\"_mc4wp_timestamp\" value=\"1776042113\" \/><input type=\"hidden\" name=\"_mc4wp_form_id\" value=\"1002\" \/><input type=\"hidden\" name=\"_mc4wp_form_element_id\" value=\"mc4wp-form-1\" \/><div class=\"mc4wp-response\"><\/div><input type=\"hidden\" name=\"trp-form-language\" value=\"en\"\/><\/form><!-- \/ Mailchimp for WordPress Plugin -->\n\n\t\t<\/div>\n\t<\/div>\n<\/div><\/div><\/div><\/div>\n<style type=\"text\/css\" data-type=\"rcb-_wpb_post_custom_css-887\">#footer h6{margin-top:0px; margin-bottom:0px; height:5vh; line-height: 1.1;}\r\n#footer p{font-size:11px!important; }\r\n#footer #mc4wp-form-1 input{\r\nborder: 0px;\r\nborder-bottom: 1px solid black;\r\ncolor: black;\r\npadding: 0px;\r\nmargin-bottom: 0.3vh!important;\r\nfont-size: 11px!important;\r\nmargin-left: 0px!important;\r\nline-height: 1.5;\r\nwidth: 100%;\r\nvertical-align: top;\r\n}\r\n\r\n#footer #mc4wp-form-1 .vc_col-lg-12{padding-left:0px; height: 24px;}\r\n\r\n#footer #mc4wp-form-1 .enviar input {\r\n   border:0px; text-align: left;\r\n}\r\n\r\n#footer #mc4wp-form-1 input::placeholder{color: black;}\r\n#footer #mc4wp-form-1 .enviar{\r\n    width:auto;\r\n    font-size: 13px;\r\n    margin-top: 2px;\r\n    margin-left: 0px;}\r\n    #footer #mc4wp-form-1 .enviar input{text-transform: capitalize; letter-spacing: normal; }\r\n\/* *\/\r\n\/* On screens that are 600px or less, set the background color to olive *\/\r\n@media screen and (max-width: 600px) {\r\n#footer .hidden-xs{display:none;}\r\n#footer .vc_empty_space{height:0px;}\r\n}<\/style><\/div><\/div><\/div><\/div><\/section><section class=\"vc_section\"><div class=\"vc_row wpb_row vc_row-fluid what\"><style type=\"text\/css\" data-type=\"vc_custom-css\">.whatsapp{}\r\n.whatsapp img{\r\n    position: fixed; bottom: 5vh; left: 3vw;\r\nheight: 50px;\r\nwidth: 50px;\r\nz-index: 99;}<\/style><div class=\"wpb_column vc_column_container vc_col-sm-12\"><div class=\"vc_column-inner\"><div class=\"wpb_wrapper\"><div class=\"vc_row wpb_row vc_row-fluid\"><div class=\"wpb_column vc_column_container vc_col-sm-12\"><div class=\"vc_column-inner\"><div class=\"wpb_wrapper\">\n\t<div class=\"wpb_text_column wpb_content_element\" >\n\t\t<div class=\"wpb_wrapper\">\n\t\t\t<p><a class=\"whatsapp\" href=\"https:\/\/wa.me\/5493794654988\" target=\"_blank\" rel=\"noopener\"><img loading=\"lazy\" decoding=\"async\" class=\"alignnone size-medium wp-image-1017\" src=\"https:\/\/elimpenetrable.org\/wp-content\/uploads\/2025\/07\/whatsapp-300x300.webp\" alt=\"\" width=\"300\" height=\"300\" srcset=\"https:\/\/elimpenetrable.org\/wp-content\/uploads\/2025\/07\/whatsapp-300x300.webp 300w, https:\/\/elimpenetrable.org\/wp-content\/uploads\/2025\/07\/whatsapp-150x150.webp 150w, https:\/\/elimpenetrable.org\/wp-content\/uploads\/2025\/07\/whatsapp-12x12.webp 12w, https:\/\/elimpenetrable.org\/wp-content\/uploads\/2025\/07\/whatsapp.webp 512w\" sizes=\"auto, (max-width: 300px) 100vw, 300px\" \/><\/a><\/p>\n\n\t\t<\/div>\n\t<\/div>\n<\/div><\/div><\/div><\/div>\n<style type=\"text\/css\" data-type=\"rcb-_wpb_post_custom_css-1016\">.whatsapp{}\r\n.whatsapp img{\r\n    position: fixed; bottom: 5vh; left: 3vw;\r\nheight: 50px;\r\nwidth: 50px;\r\nz-index: 99;}<\/style><\/div><\/div><\/div><\/div><\/section>","protected":false},"excerpt":{"rendered":"C\u00f3mo Llegar A un paso del monte. A un mundo de distancia de lo cotidiano. El Impenetrable se encuentra en la provincia de Chaco. El acceso principal se realiza desde Miraflores al sur y desde Nueva Pompeya al norte. De junio a noviembre, el camino de tierra es transitable con veh\u00edculos de tracci\u00f3n simple (4x2). &hellip; <p class=\"link-more\"><a href=\"https:\/\/elimpenetrable.org\/en\/como-llegar\/\" class=\"more-link\">Read more<span class=\"screen-reader-text\"> \"C\u00f3mo Llegar\"<\/span><\/a><\/p>","protected":false},"author":2,"featured_media":33,"parent":0,"menu_order":0,"comment_status":"closed","ping_status":"closed","template":"page-templates\/homepage-no-hero.php","meta":{"inspiro_hide_title":false,"footnotes":""},"class_list":["post-208","page","type-page","status-publish","has-post-thumbnail","hentry"],"_links":{"self":[{"href":"https:\/\/elimpenetrable.org\/en\/wp-json\/wp\/v2\/pages\/208","targetHints":{"allow":["GET"]}}],"collection":[{"href":"https:\/\/elimpenetrable.org\/en\/wp-json\/wp\/v2\/pages"}],"about":[{"href":"https:\/\/elimpenetrable.org\/en\/wp-json\/wp\/v2\/types\/page"}],"author":[{"embeddable":true,"href":"https:\/\/elimpenetrable.org\/en\/wp-json\/wp\/v2\/users\/2"}],"replies":[{"embeddable":true,"href":"https:\/\/elimpenetrable.org\/en\/wp-json\/wp\/v2\/comments?post=208"}],"version-history":[{"count":90,"href":"https:\/\/elimpenetrable.org\/en\/wp-json\/wp\/v2\/pages\/208\/revisions"}],"predecessor-version":[{"id":1069,"href":"https:\/\/elimpenetrable.org\/en\/wp-json\/wp\/v2\/pages\/208\/revisions\/1069"}],"wp:featuredmedia":[{"embeddable":true,"href":"https:\/\/elimpenetrable.org\/en\/wp-json\/wp\/v2\/media\/33"}],"wp:attachment":[{"href":"https:\/\/elimpenetrable.org\/en\/wp-json\/wp\/v2\/media?parent=208"}],"curies":[{"name":"wp","href":"https:\/\/api.w.org\/{rel}","templated":true}]}}