{"id":18,"date":"2022-06-27T18:27:41","date_gmt":"2022-06-27T18:27:41","guid":{"rendered":"https:\/\/elimpenetrable.org\/?page_id=18"},"modified":"2025-07-29T17:35:24","modified_gmt":"2025-07-29T17:35:24","slug":"home-1","status":"publish","type":"page","link":"https:\/\/elimpenetrable.org\/en\/","title":{"rendered":"Home 1"},"content":{"rendered":"<div data-vc-full-width=\"true\" data-vc-full-width-init=\"false\" data-vc-stretch-content=\"true\" class=\"vc_row wpb_row vc_row-fluid vc_custom_1674233554058 vc_row-no-padding vc_row-o-full-height vc_row-o-columns-top vc_row-flex\"><div class=\"wpb_column vc_column_container vc_col-sm-12 vc_col-lg-offset-0 vc_col-lg-12\"><div class=\"vc_column-inner vc_custom_1656385905818\"><div class=\"wpb_wrapper\">\n\t\t\t<!-- START Slider Home REVOLUTION SLIDER 6.5.25 --><p class=\"rs-p-wp-fix\"><\/p>\n\t\t\t<rs-module-wrap id=\"rev_slider_8_1_wrapper\" data-source=\"gallery\" style=\"visibility:hidden;background:transparent;padding:0;\">\n\t\t\t\t<rs-module id=\"rev_slider_8_1\" style=\"\" data-version=\"6.5.25\">\n\t\t\t\t\t<rs-slides>\n\t\t\t\t\t\t<rs-slide style=\"position: absolute;\" data-key=\"rs-19\" data-title=\"Slide\" data-thumb=\"\/\/elimpenetrable.org\/wp-content\/uploads\/2022\/06\/home-impenetrable-2Artboard-1-copy-7-50x100.png\" data-in=\"o:0;\" data-out=\"a:false;\">\n\t\t\t\t\t\t\t<img decoding=\"async\" src=\"\/\/elimpenetrable.org\/wp-content\/plugins\/revslider\/public\/assets\/assets\/dummy.png\" alt=\"\" title=\"home-impenetrable-2Artboard 1 copy 7\" width=\"1280\" height=\"730\" class=\"rev-slidebg tp-rs-img rs-lazyload\" data-lazyload=\"\/\/elimpenetrable.org\/wp-content\/uploads\/2022\/06\/home-impenetrable-2Artboard-1-copy-7.png\" data-no-retina>\n<!--\n\t\t\t\t\t\t\t--><rs-group\n\t\t\t\t\t\t\t\tid=\"slider-8-slide-19-layer-1\" \n\t\t\t\t\t\t\t\tdata-type=\"group\"\n\t\t\t\t\t\t\t\tdata-xy=\"x:c;y:m;\"\n\t\t\t\t\t\t\t\tdata-text=\"w:normal;\"\n\t\t\t\t\t\t\t\tdata-dim=\"w:90%,90%,90%,379px;h:319.991852px,319px,319px,319px;\"\n\t\t\t\t\t\t\t\tdata-rsp_o=\"off\"\n\t\t\t\t\t\t\t\tdata-rsp_bd=\"off\"\n\t\t\t\t\t\t\t\tdata-frame_0=\"o:1;\"\n\t\t\t\t\t\t\t\tdata-frame_999=\"o:0;st:w;sR:8700;sA:9000;\"\n\t\t\t\t\t\t\t\tstyle=\"z-index:11;\"\n\t\t\t\t\t\t\t><!--\n\t\t\t\t\t\t\t\t--><h5\n\t\t\t\t\t\t\t\t\tid=\"slider-8-slide-19-layer-0\" \n\t\t\t\t\t\t\t\t\tclass=\"rs-layer\"\n\t\t\t\t\t\t\t\t\tdata-type=\"text\"\n\t\t\t\t\t\t\t\t\tdata-xy=\"x:c;xo:-7px;\"\n\t\t\t\t\t\t\t\t\tdata-text=\"w:normal;s:15;a:center;\"\n\t\t\t\t\t\t\t\t\tdata-rsp_o=\"off\"\n\t\t\t\t\t\t\t\t\tdata-rsp_bd=\"off\"\n\t\t\t\t\t\t\t\t\tdata-frame_0=\"y:100%;\"\n\t\t\t\t\t\t\t\t\tdata-frame_1=\"e:power4.inOut;sp:1200;\"\n\t\t\t\t\t\t\t\t\tdata-frame_999=\"o:0;st:w;sR:7800;\"\n\t\t\t\t\t\t\t\t\tstyle=\"z-index:9;font-family:\"Basic-Sans\";font-weight:600;\"\n\t\t\t\t\t\t\t\t>EL IMPENETRABLE \n\t\t\t\t\t\t\t\t<\/h5><!--\n\n\t\t\t\t\t\t\t\t--><rs-layer\n\t\t\t\t\t\t\t\t\tid=\"slider-8-slide-19-layer-2\" \n\t\t\t\t\t\t\t\t\tdata-type=\"text\"\n\t\t\t\t\t\t\t\t\tdata-xy=\"x:c;xo:-1px,-1px,-1px,0;y:m;yo:-41px,-46px,-46px,-20px;\"\n\t\t\t\t\t\t\t\t\tdata-text=\"w:normal;s:70,70,70,41;l:70,70,70,43;a:center;\"\n\t\t\t\t\t\t\t\t\tdata-dim=\"w:90%,90%,90%,311px;h:81.991852px,237px,237px,auto;\"\n\t\t\t\t\t\t\t\t\tdata-rsp_o=\"off\"\n\t\t\t\t\t\t\t\t\tdata-rsp_bd=\"off\"\n\t\t\t\t\t\t\t\t\tdata-frame_0=\"y:100%;\"\n\t\t\t\t\t\t\t\t\tdata-frame_1=\"e:power4.inOut;st:590;sp:1200;sR:590;\"\n\t\t\t\t\t\t\t\t\tdata-frame_999=\"o:0;st:w;sR:7210;\"\n\t\t\t\t\t\t\t\t\tstyle=\"z-index:10;font-family:\"Basic-Sans\";font-weight:100;\"\n\t\t\t\t\t\t\t\t>Naturaleza que Despierta \n\t\t\t\t\t\t\t\t<\/rs-layer><!--\n\n\t\t\t\t\t\t\t\t--><a\n\t\t\t\t\t\t\t\t\tid=\"slider-8-slide-19-layer-4\" \n\t\t\t\t\t\t\t\t\tclass=\"rs-layer rev-btn\"\n\t\t\t\t\t\t\t\t\thref=\"https:\/\/elimpenetrable.org\/visitanos\/\" target=\"_self\"\n\t\t\t\t\t\t\t\t\tdata-type=\"button\"\n\t\t\t\t\t\t\t\t\tdata-xy=\"x:c;yo:248px,204px,154px,310px;\"\n\t\t\t\t\t\t\t\t\tdata-text=\"w:normal;s:20,16,12,14;l:50,41,31,19;fw:500;\"\n\t\t\t\t\t\t\t\t\tdata-dim=\"minh:0px,none,none,none;\"\n\t\t\t\t\t\t\t\t\tdata-rsp_o=\"off\"\n\t\t\t\t\t\t\t\t\tdata-rsp_bd=\"off\"\n\t\t\t\t\t\t\t\t\tdata-padding=\"t:0,0,0,10;r:20,17,13,20;b:0,0,0,10;l:20,17,13,20;\"\n\t\t\t\t\t\t\t\t\tdata-frame_0=\"y:100%;\"\n\t\t\t\t\t\t\t\t\tdata-frame_1=\"e:power4.inOut;st:2490;sp:1200;sR:2490;\"\n\t\t\t\t\t\t\t\t\tdata-frame_999=\"o:0;st:w;sR:5310;\"\n\t\t\t\t\t\t\t\t\tdata-frame_hover=\"c:#000;bgc:#fff;bor:0px,0px,0px,0px;sp:200;e:power1.inOut;\"\n\t\t\t\t\t\t\t\t\tstyle=\"z-index:8;background-color:rgba(0,0,0,1);font-family:\"Basic-Sans\";font-weight:600;\"\n\t\t\t\t\t\t\t\t>PLANIFIC\u00c1 TU VIAJE \n\t\t\t\t\t\t\t\t<\/a><!--\n\t\t\t\t\t\t\t--><\/rs-group><!--\n-->\t\t\t\t\t\t<\/rs-slide>\n\t\t\t\t\t\t<rs-slide style=\"position: absolute;\" data-key=\"rs-20\" data-title=\"Slide\" data-thumb=\"\/\/elimpenetrable.org\/wp-content\/uploads\/2022\/06\/home-impenetrable-2Artboard-1-copy-8-50x100.png\" data-in=\"o:0;\" data-out=\"a:false;\">\n\t\t\t\t\t\t\t<img decoding=\"async\" src=\"\/\/elimpenetrable.org\/wp-content\/plugins\/revslider\/public\/assets\/assets\/dummy.png\" alt=\"\" title=\"home-impenetrable-2Artboard 1 copy 8\" width=\"1280\" height=\"730\" class=\"rev-slidebg tp-rs-img rs-lazyload\" data-lazyload=\"\/\/elimpenetrable.org\/wp-content\/uploads\/2022\/06\/home-impenetrable-2Artboard-1-copy-8.png\" data-no-retina>\n<!--\n\t\t\t\t\t\t\t--><rs-group\n\t\t\t\t\t\t\t\tid=\"slider-8-slide-20-layer-1\" \n\t\t\t\t\t\t\t\tdata-type=\"group\"\n\t\t\t\t\t\t\t\tdata-xy=\"x:c;y:m;yo:-1px,-1px,-1px,0;\"\n\t\t\t\t\t\t\t\tdata-text=\"w:normal;\"\n\t\t\t\t\t\t\t\tdata-dim=\"w:90%,797px,797px,80%;h:376px,376px,376px,322px;\"\n\t\t\t\t\t\t\t\tdata-rsp_o=\"off\"\n\t\t\t\t\t\t\t\tdata-rsp_bd=\"off\"\n\t\t\t\t\t\t\t\tdata-frame_0=\"o:1;\"\n\t\t\t\t\t\t\t\tdata-frame_999=\"o:0;st:w;sR:8700;sA:9000;\"\n\t\t\t\t\t\t\t\tstyle=\"z-index:12;\"\n\t\t\t\t\t\t\t><!--\n\t\t\t\t\t\t\t\t--><h5\n\t\t\t\t\t\t\t\t\tid=\"slider-8-slide-20-layer-0\" \n\t\t\t\t\t\t\t\t\tclass=\"rs-layer\"\n\t\t\t\t\t\t\t\t\tdata-type=\"text\"\n\t\t\t\t\t\t\t\t\tdata-xy=\"x:r;yo:39px,27px,27px,0;\"\n\t\t\t\t\t\t\t\t\tdata-text=\"w:normal;s:15;a:center,right,right,right;\"\n\t\t\t\t\t\t\t\t\tdata-rsp_o=\"off\"\n\t\t\t\t\t\t\t\t\tdata-rsp_bd=\"off\"\n\t\t\t\t\t\t\t\t\tdata-frame_0=\"y:100%;\"\n\t\t\t\t\t\t\t\t\tdata-frame_1=\"e:power4.inOut;sp:1200;\"\n\t\t\t\t\t\t\t\t\tdata-frame_999=\"o:0;st:w;sR:7800;\"\n\t\t\t\t\t\t\t\t\tstyle=\"z-index:11;font-family:\"Basic-Sans\";font-weight:600;\"\n\t\t\t\t\t\t\t\t>ACTIVIDADES \n\t\t\t\t\t\t\t\t<\/h5><!--\n\n\t\t\t\t\t\t\t\t--><rs-layer\n\t\t\t\t\t\t\t\t\tid=\"slider-8-slide-20-layer-2\" \n\t\t\t\t\t\t\t\t\tdata-type=\"text\"\n\t\t\t\t\t\t\t\t\tdata-xy=\"x:r;yo:83px,72px,72px,58px;\"\n\t\t\t\t\t\t\t\t\tdata-text=\"w:normal,normal,normal,normal;s:80,70,70,36;l:80,70,70,40;a:right;\"\n\t\t\t\t\t\t\t\t\tdata-dim=\"w:auto,90%,90%,99%;h:170px,170px,170px,auto;\"\n\t\t\t\t\t\t\t\t\tdata-rsp_o=\"off\"\n\t\t\t\t\t\t\t\t\tdata-rsp_bd=\"off\"\n\t\t\t\t\t\t\t\t\tdata-frame_0=\"y:100%;\"\n\t\t\t\t\t\t\t\t\tdata-frame_1=\"e:power4.inOut;st:590;sp:1200;sR:590;\"\n\t\t\t\t\t\t\t\t\tdata-frame_999=\"o:0;st:w;sR:7210;\"\n\t\t\t\t\t\t\t\t\tstyle=\"z-index:10;font-family:\"Basic-Sans\";font-weight:100;\"\n\t\t\t\t\t\t\t\t>Viv\u00ed la experiencia <br \/>\nEl Impenetrable \n\t\t\t\t\t\t\t\t<\/rs-layer><!--\n\n\t\t\t\t\t\t\t\t--><a\n\t\t\t\t\t\t\t\t\tid=\"slider-8-slide-20-layer-4\" \n\t\t\t\t\t\t\t\t\tclass=\"rs-layer rev-btn\"\n\t\t\t\t\t\t\t\t\thref=\"https:\/\/elimpenetrable.org\/actividades\/\" target=\"_self\"\n\t\t\t\t\t\t\t\t\tdata-type=\"button\"\n\t\t\t\t\t\t\t\t\tdata-xy=\"x:r;y:b,b,b,t;yo:0,0,0,280px;\"\n\t\t\t\t\t\t\t\t\tdata-text=\"w:normal;s:20,16,12,14;l:50,41,31,19;fw:500;a:left,right,right,right;\"\n\t\t\t\t\t\t\t\t\tdata-dim=\"minh:0px,none,none,none;\"\n\t\t\t\t\t\t\t\t\tdata-rsp_o=\"off\"\n\t\t\t\t\t\t\t\t\tdata-rsp_bd=\"off\"\n\t\t\t\t\t\t\t\t\tdata-padding=\"t:0,0,0,10;r:20,17,13,20;b:0,0,0,10;l:20,17,13,20;\"\n\t\t\t\t\t\t\t\t\tdata-frame_0=\"y:100%;\"\n\t\t\t\t\t\t\t\t\tdata-frame_1=\"e:power4.inOut;st:2990;sp:1200;sR:2990;\"\n\t\t\t\t\t\t\t\t\tdata-frame_999=\"o:0;st:w;sR:4810;\"\n\t\t\t\t\t\t\t\t\tdata-frame_hover=\"c:#000;bgc:#fff;bor:0px,0px,0px,0px;sp:200;e:power1.inOut;\"\n\t\t\t\t\t\t\t\t\tstyle=\"z-index:8;background-color:rgba(0,0,0,1);font-family:\"Basic-Sans\";font-weight:600;\"\n\t\t\t\t\t\t\t\t>EXPLORAR \n\t\t\t\t\t\t\t\t<\/a><!--\n\n\t\t\t\t\t\t\t\t--><h5\n\t\t\t\t\t\t\t\t\tid=\"slider-8-slide-20-layer-5\" \n\t\t\t\t\t\t\t\t\tclass=\"rs-layer\"\n\t\t\t\t\t\t\t\t\tdata-type=\"text\"\n\t\t\t\t\t\t\t\t\tdata-xy=\"x:r;y:m,m,m,t;yo:92px,93px,93px,170px;\"\n\t\t\t\t\t\t\t\t\tdata-text=\"w:normal,normal,normal,normal;s:15;l:25,25,25,20;a:center,right,right,right;\"\n\t\t\t\t\t\t\t\t\tdata-dim=\"w:auto,auto,auto,90%;\"\n\t\t\t\t\t\t\t\t\tdata-rsp_o=\"off\"\n\t\t\t\t\t\t\t\t\tdata-rsp_bd=\"off\"\n\t\t\t\t\t\t\t\t\tdata-frame_0=\"y:100%;\"\n\t\t\t\t\t\t\t\t\tdata-frame_1=\"e:power4.inOut;st:1790;sp:1200;sR:1790;\"\n\t\t\t\t\t\t\t\t\tdata-frame_999=\"o:0;st:w;sR:6010;\"\n\t\t\t\t\t\t\t\t\tstyle=\"z-index:9;font-family:\"Basic-Sans\";font-weight:600;\"\n\t\t\t\t\t\t\t\t>A pie, en bicicleta o en kayak, conoc\u00e9 las formas en las que pod\u00e9s descubrir El Impenetrable. \n\t\t\t\t\t\t\t\t<\/h5><!--\n\t\t\t\t\t\t\t--><\/rs-group><!--\n-->\t\t\t\t\t\t<\/rs-slide>\n\t\t\t\t\t\t<rs-slide style=\"position: absolute;\" data-key=\"rs-21\" data-title=\"Slide\" data-thumb=\"\/\/elimpenetrable.org\/wp-content\/uploads\/2022\/06\/home-impenetrable-2Artboard-1-copy-9-50x100.png\" data-in=\"o:0;\" data-out=\"a:false;\">\n\t\t\t\t\t\t\t<img decoding=\"async\" src=\"\/\/elimpenetrable.org\/wp-content\/plugins\/revslider\/public\/assets\/assets\/dummy.png\" alt=\"\" title=\"home-impenetrable-2Artboard 1 copy 9\" width=\"1280\" height=\"730\" class=\"rev-slidebg tp-rs-img rs-lazyload\" data-lazyload=\"\/\/elimpenetrable.org\/wp-content\/uploads\/2022\/06\/home-impenetrable-2Artboard-1-copy-9.png\" data-no-retina>\n<!--\n\t\t\t\t\t\t\t--><rs-group\n\t\t\t\t\t\t\t\tid=\"slider-8-slide-21-layer-1\" \n\t\t\t\t\t\t\t\tdata-type=\"group\"\n\t\t\t\t\t\t\t\tdata-xy=\"x:c;y:m;\"\n\t\t\t\t\t\t\t\tdata-text=\"w:normal;\"\n\t\t\t\t\t\t\t\tdata-dim=\"w:90%,90%,90%,80%;h:376px,328px,328px,328px;\"\n\t\t\t\t\t\t\t\tdata-rsp_o=\"off\"\n\t\t\t\t\t\t\t\tdata-rsp_bd=\"off\"\n\t\t\t\t\t\t\t\tdata-frame_0=\"o:1;\"\n\t\t\t\t\t\t\t\tdata-frame_999=\"o:0;st:w;sR:8700;sA:9000;\"\n\t\t\t\t\t\t\t\tstyle=\"z-index:12;\"\n\t\t\t\t\t\t\t><!--\n\t\t\t\t\t\t\t\t--><h5\n\t\t\t\t\t\t\t\t\tid=\"slider-8-slide-21-layer-0\" \n\t\t\t\t\t\t\t\t\tclass=\"rs-layer\"\n\t\t\t\t\t\t\t\t\tdata-type=\"text\"\n\t\t\t\t\t\t\t\t\tdata-xy=\"yo:39px,0,0,0;\"\n\t\t\t\t\t\t\t\t\tdata-text=\"w:normal;s:15;a:center,left,left,left;\"\n\t\t\t\t\t\t\t\t\tdata-rsp_o=\"off\"\n\t\t\t\t\t\t\t\t\tdata-rsp_bd=\"off\"\n\t\t\t\t\t\t\t\t\tdata-frame_0=\"y:100%;\"\n\t\t\t\t\t\t\t\t\tdata-frame_1=\"e:power4.inOut;sp:1200;\"\n\t\t\t\t\t\t\t\t\tdata-frame_999=\"o:0;st:w;sR:7800;\"\n\t\t\t\t\t\t\t\t\tstyle=\"z-index:11;font-family:\"Basic-Sans\";font-weight:600;\"\n\t\t\t\t\t\t\t\t>ESPECIES PARA VER \n\t\t\t\t\t\t\t\t<\/h5><!--\n\n\t\t\t\t\t\t\t\t--><rs-layer\n\t\t\t\t\t\t\t\t\tid=\"slider-8-slide-21-layer-2\" \n\t\t\t\t\t\t\t\t\tdata-type=\"text\"\n\t\t\t\t\t\t\t\t\tdata-xy=\"yo:90px,44px,33px,54px;\"\n\t\t\t\t\t\t\t\t\tdata-text=\"w:normal,normal,normal,normal;s:70,60,45,35;l:70,60,45,40;\"\n\t\t\t\t\t\t\t\t\tdata-dim=\"w:100%,100%,100%,368px;h:170px,149px,167px,auto;\"\n\t\t\t\t\t\t\t\t\tdata-rsp_o=\"off\"\n\t\t\t\t\t\t\t\t\tdata-frame_0=\"y:100%;\"\n\t\t\t\t\t\t\t\t\tdata-frame_1=\"e:power4.inOut;st:590;sp:1200;sR:590;\"\n\t\t\t\t\t\t\t\t\tdata-frame_999=\"o:0;st:w;sR:7210;\"\n\t\t\t\t\t\t\t\t\tstyle=\"z-index:10;font-family:\"Basic-Sans\";font-weight:100;\"\n\t\t\t\t\t\t\t\t>+1600 especies de animales, <br \/>\nplantas y hongos identificadas \n\t\t\t\t\t\t\t\t<\/rs-layer><!--\n\n\t\t\t\t\t\t\t\t--><a\n\t\t\t\t\t\t\t\t\tid=\"slider-8-slide-21-layer-4\" \n\t\t\t\t\t\t\t\t\tclass=\"rs-layer rev-btn\"\n\t\t\t\t\t\t\t\t\thref=\"https:\/\/elimpenetrable.org\/impenetrable\/\" target=\"_self\"\n\t\t\t\t\t\t\t\t\tdata-type=\"button\"\n\t\t\t\t\t\t\t\t\tdata-xy=\"y:b,t,t,t;yo:0,246px,292px,290px;\"\n\t\t\t\t\t\t\t\t\tdata-text=\"w:normal;s:20,16,12,14;l:50,41,31,19;fw:500;a:left,right,right,right;\"\n\t\t\t\t\t\t\t\t\tdata-dim=\"minh:0px,none,none,none;\"\n\t\t\t\t\t\t\t\t\tdata-rsp_o=\"off\"\n\t\t\t\t\t\t\t\t\tdata-rsp_bd=\"off\"\n\t\t\t\t\t\t\t\t\tdata-padding=\"t:0,0,0,10;r:20,17,13,20;b:0,0,0,10;l:20,17,13,20;\"\n\t\t\t\t\t\t\t\t\tdata-frame_0=\"y:100%;\"\n\t\t\t\t\t\t\t\t\tdata-frame_1=\"e:power4.inOut;st:2990;sp:1200;sR:2990;\"\n\t\t\t\t\t\t\t\t\tdata-frame_999=\"o:0;st:w;sR:4810;\"\n\t\t\t\t\t\t\t\t\tdata-frame_hover=\"c:#000;bgc:#fff;bor:0px,0px,0px,0px;sp:200;e:power1.inOut;\"\n\t\t\t\t\t\t\t\t\tstyle=\"z-index:8;background-color:rgba(0,0,0,1);font-family:\"Basic-Sans\";font-weight:600;\"\n\t\t\t\t\t\t\t\t>EXPLORAR \n\t\t\t\t\t\t\t\t<\/a><!--\n\n\t\t\t\t\t\t\t\t--><h5\n\t\t\t\t\t\t\t\t\tid=\"slider-8-slide-21-layer-5\" \n\t\t\t\t\t\t\t\t\tclass=\"rs-layer\"\n\t\t\t\t\t\t\t\t\tdata-type=\"text\"\n\t\t\t\t\t\t\t\t\tdata-xy=\"xo:0,0,-1px,0;y:m,m,m,t;yo:90px,43px,34px,220px;\"\n\t\t\t\t\t\t\t\t\tdata-text=\"w:normal,normal,normal,normal;s:15,12,9,15;l:25,20,15,20;\"\n\t\t\t\t\t\t\t\t\tdata-dim=\"w:auto,auto,auto,329px;\"\n\t\t\t\t\t\t\t\t\tdata-rsp_o=\"off\"\n\t\t\t\t\t\t\t\t\tdata-rsp_bd=\"off\"\n\t\t\t\t\t\t\t\t\tdata-frame_0=\"y:100%;\"\n\t\t\t\t\t\t\t\t\tdata-frame_1=\"e:power4.inOut;st:1790;sp:1200;sR:1790;\"\n\t\t\t\t\t\t\t\t\tdata-frame_999=\"o:0;st:w;sR:6010;\"\n\t\t\t\t\t\t\t\t\tstyle=\"z-index:9;font-family:\"Basic-Sans\";font-weight:600;\"\n\t\t\t\t\t\t\t\t>El Parque Nacional El Impenetrable es un oasis para la biodiversidad del Chaco argentino. \n\t\t\t\t\t\t\t\t<\/h5><!--\n\t\t\t\t\t\t\t--><\/rs-group><!--\n-->\t\t\t\t\t\t<\/rs-slide>\n\t\t\t\t\t\t<rs-slide style=\"position: absolute;\" data-key=\"rs-22\" data-title=\"Slide\" data-thumb=\"\/\/elimpenetrable.org\/wp-content\/uploads\/2022\/06\/home-impenetrableArtboard-1-copy-10-50x100.png\" data-in=\"o:0;\" data-out=\"a:false;\">\n\t\t\t\t\t\t\t<img decoding=\"async\" src=\"\/\/elimpenetrable.org\/wp-content\/plugins\/revslider\/public\/assets\/assets\/dummy.png\" alt=\"\" title=\"home-impenetrableArtboard 1 copy 10\" width=\"1280\" height=\"730\" class=\"rev-slidebg tp-rs-img rs-lazyload\" data-lazyload=\"\/\/elimpenetrable.org\/wp-content\/uploads\/2022\/06\/home-impenetrableArtboard-1-copy-10.png\" data-no-retina>\n<!--\n\t\t\t\t\t\t\t--><rs-group\n\t\t\t\t\t\t\t\tid=\"slider-8-slide-22-layer-1\" \n\t\t\t\t\t\t\t\tdata-type=\"group\"\n\t\t\t\t\t\t\t\tdata-xy=\"x:c;y:m;yo:0,0,0,1px;\"\n\t\t\t\t\t\t\t\tdata-text=\"w:normal;\"\n\t\t\t\t\t\t\t\tdata-dim=\"w:90%,90%,90%,80%;h:376px,376px,376px,329px;\"\n\t\t\t\t\t\t\t\tdata-rsp_o=\"off\"\n\t\t\t\t\t\t\t\tdata-rsp_bd=\"off\"\n\t\t\t\t\t\t\t\tdata-frame_0=\"o:1;\"\n\t\t\t\t\t\t\t\tdata-frame_999=\"o:0;st:w;sR:8700;sA:9000;\"\n\t\t\t\t\t\t\t\tstyle=\"z-index:12;\"\n\t\t\t\t\t\t\t><!--\n\t\t\t\t\t\t\t\t--><h5\n\t\t\t\t\t\t\t\t\tid=\"slider-8-slide-22-layer-0\" \n\t\t\t\t\t\t\t\t\tclass=\"rs-layer\"\n\t\t\t\t\t\t\t\t\tdata-type=\"text\"\n\t\t\t\t\t\t\t\t\tdata-xy=\"yo:39px,0,0,0;\"\n\t\t\t\t\t\t\t\t\tdata-text=\"w:normal;s:15;a:center,left,left,left;\"\n\t\t\t\t\t\t\t\t\tdata-rsp_o=\"off\"\n\t\t\t\t\t\t\t\t\tdata-rsp_bd=\"off\"\n\t\t\t\t\t\t\t\t\tdata-frame_0=\"y:100%;\"\n\t\t\t\t\t\t\t\t\tdata-frame_1=\"e:power4.inOut;sp:1200;\"\n\t\t\t\t\t\t\t\t\tdata-frame_999=\"o:0;st:w;sR:7800;\"\n\t\t\t\t\t\t\t\t\tstyle=\"z-index:11;font-family:\"Basic-Sans\";font-weight:600;\"\n\t\t\t\t\t\t\t\t>D\u00d3NDE DORMIR \n\t\t\t\t\t\t\t\t<\/h5><!--\n\n\t\t\t\t\t\t\t\t--><rs-layer\n\t\t\t\t\t\t\t\t\tid=\"slider-8-slide-22-layer-2\" \n\t\t\t\t\t\t\t\t\tdata-type=\"text\"\n\t\t\t\t\t\t\t\t\tdata-xy=\"y:m,t,t,t;yo:-18px,90px,68px,58px;\"\n\t\t\t\t\t\t\t\t\tdata-text=\"w:normal;s:80,80,60,35;l:80,80,60,40;\"\n\t\t\t\t\t\t\t\t\tdata-dim=\"w:90%,90%,90%,100%;h:170px,140px,154.991852px,auto;\"\n\t\t\t\t\t\t\t\t\tdata-rsp_o=\"off\"\n\t\t\t\t\t\t\t\t\tdata-frame_0=\"y:100%;\"\n\t\t\t\t\t\t\t\t\tdata-frame_1=\"e:power4.inOut;st:590;sp:1200;sR:590;\"\n\t\t\t\t\t\t\t\t\tdata-frame_999=\"o:0;st:w;sR:7210;\"\n\t\t\t\t\t\t\t\t\tstyle=\"z-index:10;font-family:\"Basic-Sans\";font-weight:100;\"\n\t\t\t\t\t\t\t\t>Descubr\u00ed glampings y campings agrestes \n\t\t\t\t\t\t\t\t<\/rs-layer><!--\n\n\t\t\t\t\t\t\t\t--><a\n\t\t\t\t\t\t\t\t\tid=\"slider-8-slide-22-layer-4\" \n\t\t\t\t\t\t\t\t\tclass=\"rs-layer rev-btn\"\n\t\t\t\t\t\t\t\t\thref=\"https:\/\/elimpenetrable.org\/donde-dormir\/\" target=\"_self\"\n\t\t\t\t\t\t\t\t\tdata-type=\"button\"\n\t\t\t\t\t\t\t\t\tdata-xy=\"y:b,b,b,t;yo:0,0,0,290px;\"\n\t\t\t\t\t\t\t\t\tdata-text=\"w:normal;s:20,16,12,14;l:50,41,31,19;fw:500;a:left,right,right,right;\"\n\t\t\t\t\t\t\t\t\tdata-dim=\"minh:0px,none,none,none;\"\n\t\t\t\t\t\t\t\t\tdata-rsp_o=\"off\"\n\t\t\t\t\t\t\t\t\tdata-rsp_bd=\"off\"\n\t\t\t\t\t\t\t\t\tdata-padding=\"t:0,0,0,10;r:20,17,13,20;b:0,0,0,10;l:20,17,13,20;\"\n\t\t\t\t\t\t\t\t\tdata-frame_0=\"y:100%;\"\n\t\t\t\t\t\t\t\t\tdata-frame_1=\"e:power4.inOut;st:2990;sp:1200;sR:2990;\"\n\t\t\t\t\t\t\t\t\tdata-frame_999=\"o:0;st:w;sR:4810;\"\n\t\t\t\t\t\t\t\t\tdata-frame_hover=\"c:#000;bgc:#fff;bor:0px,0px,0px,0px;sp:200;e:power1.inOut;\"\n\t\t\t\t\t\t\t\t\tstyle=\"z-index:8;background-color:rgba(0,0,0,1);font-family:\"Basic-Sans\";font-weight:600;\"\n\t\t\t\t\t\t\t\t>EXPLORAR \n\t\t\t\t\t\t\t\t<\/a><!--\n\n\t\t\t\t\t\t\t\t--><h5\n\t\t\t\t\t\t\t\t\tid=\"slider-8-slide-22-layer-5\" \n\t\t\t\t\t\t\t\t\tclass=\"rs-layer\"\n\t\t\t\t\t\t\t\t\tdata-type=\"text\"\n\t\t\t\t\t\t\t\t\tdata-xy=\"y:m,t,t,t;yo:104px,278px,278px,190px;\"\n\t\t\t\t\t\t\t\t\tdata-text=\"w:normal,normal,normal,normal;s:15;l:25,25,25,20;a:center,left,left,left;\"\n\t\t\t\t\t\t\t\t\tdata-dim=\"w:auto,auto,auto,329px;\"\n\t\t\t\t\t\t\t\t\tdata-rsp_o=\"off\"\n\t\t\t\t\t\t\t\t\tdata-rsp_bd=\"off\"\n\t\t\t\t\t\t\t\t\tdata-frame_0=\"y:100%;\"\n\t\t\t\t\t\t\t\t\tdata-frame_1=\"e:power4.inOut;st:1790;sp:1200;sR:1790;\"\n\t\t\t\t\t\t\t\t\tdata-frame_999=\"o:0;st:w;sR:6010;\"\n\t\t\t\t\t\t\t\t\tstyle=\"z-index:9;font-family:\"Basic-Sans\";font-weight:600;\"\n\t\t\t\t\t\t\t\t>Conoc\u00e9 las opciones de hospedaje en el Parque Nacional y sus portales de acceso. \n\t\t\t\t\t\t\t\t<\/h5><!--\n\t\t\t\t\t\t\t--><\/rs-group><!--\n-->\t\t\t\t\t\t<\/rs-slide>\n\t\t\t\t\t<\/rs-slides>\n\t\t\t\t\t<rs-static-layers><!--\n\t\t\t\t\t--><\/rs-static-layers>\n\t\t\t\t<\/rs-module>\n\t\t\t\t<script>\n\t\t\t\t\tsetREVStartSize({c: 'rev_slider_8_1',rl:[1240,1024,778,480],el:[900,767.989136,960,720],gw:[1240,1024,778,480],gh:[900,768,960,720],type:'standard',justify:'',layout:'fullscreen',offsetContainer:'',offset:'',mh:\"0\"});if (window.RS_MODULES!==undefined && window.RS_MODULES.modules!==undefined && window.RS_MODULES.modules[\"revslider81\"]!==undefined) {window.RS_MODULES.modules[\"revslider81\"].once = false;window.revapi8 = undefined;if (window.RS_MODULES.checkMinimal!==undefined) window.RS_MODULES.checkMinimal()}\n\t\t\t\t<\/script>\n\t\t\t<\/rs-module-wrap>\n\t\t\t<!-- END REVOLUTION SLIDER -->\n<\/div><\/div><\/div><\/div><div class=\"vc_row-full-width vc_clearfix\"><\/div><div class=\"vc_row wpb_row vc_row-fluid what\"><style type=\"text\/css\" data-type=\"vc_custom-css\">.whatsapp{}\r\n.whatsapp img{\r\n    position: fixed; bottom: 5vh; left: 3vw;\r\nheight: 50px;\r\nwidth: 50px;\r\nz-index: 99;}<\/style><div class=\"wpb_column vc_column_container vc_col-sm-12\"><div class=\"vc_column-inner\"><div class=\"wpb_wrapper\"><div class=\"vc_row wpb_row vc_row-fluid\"><div class=\"wpb_column vc_column_container vc_col-sm-12\"><div class=\"vc_column-inner\"><div class=\"wpb_wrapper\">\n\t<div class=\"wpb_text_column wpb_content_element \" >\n\t\t<div class=\"wpb_wrapper\">\n\t\t\t<p><a class=\"whatsapp\" href=\"https:\/\/wa.me\/5493794654988\" target=\"_blank\" rel=\"noopener\"><img loading=\"lazy\" decoding=\"async\" class=\"alignnone size-medium wp-image-1017\" src=\"https:\/\/elimpenetrable.org\/wp-content\/uploads\/2025\/07\/whatsapp-300x300.webp\" alt=\"\" width=\"300\" height=\"300\" srcset=\"https:\/\/elimpenetrable.org\/wp-content\/uploads\/2025\/07\/whatsapp-300x300.webp 300w, https:\/\/elimpenetrable.org\/wp-content\/uploads\/2025\/07\/whatsapp-150x150.webp 150w, https:\/\/elimpenetrable.org\/wp-content\/uploads\/2025\/07\/whatsapp-12x12.webp 12w, https:\/\/elimpenetrable.org\/wp-content\/uploads\/2025\/07\/whatsapp.webp 512w\" sizes=\"auto, (max-width: 300px) 100vw, 300px\" \/><\/a><\/p>\n\n\t\t<\/div>\n\t<\/div>\n<\/div><\/div><\/div><\/div>\n<style type=\"text\/css\" data-type=\"rcb-_wpb_post_custom_css-1016\">.whatsapp{}\r\n.whatsapp img{\r\n    position: fixed; bottom: 5vh; left: 3vw;\r\nheight: 50px;\r\nwidth: 50px;\r\nz-index: 99;}<\/style><\/div><\/div><\/div><\/div>\n","protected":false},"excerpt":{"rendered":"EL IMPENETRABLE Naturaleza que Despierta PLANIFIC\u00c1 TU VIAJE ACTIVIDADES Viv\u00ed la experiencia El Impenetrable EXPLORAR A pie, en bicicleta o en kayak, conoc\u00e9 las formas en las que pod\u00e9s descubrir El Impenetrable. ESPECIES PARA VER +1600 especies de animales, plantas y hongos identificadas EXPLORAR El Parque Nacional El Impenetrable es un oasis para la biodiversidad &hellip; <p class=\"link-more\"><a href=\"https:\/\/elimpenetrable.org\/en\/\" class=\"more-link\">Read more<span class=\"screen-reader-text\"> \"Home 1\"<\/span><\/a><\/p>","protected":false},"author":2,"featured_media":33,"parent":0,"menu_order":0,"comment_status":"closed","ping_status":"closed","template":"page-templates\/homepage-no-hero.php","meta":{"inspiro_hide_title":false,"footnotes":""},"class_list":["post-18","page","type-page","status-publish","has-post-thumbnail","hentry"],"_links":{"self":[{"href":"https:\/\/elimpenetrable.org\/en\/wp-json\/wp\/v2\/pages\/18","targetHints":{"allow":["GET"]}}],"collection":[{"href":"https:\/\/elimpenetrable.org\/en\/wp-json\/wp\/v2\/pages"}],"about":[{"href":"https:\/\/elimpenetrable.org\/en\/wp-json\/wp\/v2\/types\/page"}],"author":[{"embeddable":true,"href":"https:\/\/elimpenetrable.org\/en\/wp-json\/wp\/v2\/users\/2"}],"replies":[{"embeddable":true,"href":"https:\/\/elimpenetrable.org\/en\/wp-json\/wp\/v2\/comments?post=18"}],"version-history":[{"count":46,"href":"https:\/\/elimpenetrable.org\/en\/wp-json\/wp\/v2\/pages\/18\/revisions"}],"predecessor-version":[{"id":1019,"href":"https:\/\/elimpenetrable.org\/en\/wp-json\/wp\/v2\/pages\/18\/revisions\/1019"}],"wp:featuredmedia":[{"embeddable":true,"href":"https:\/\/elimpenetrable.org\/en\/wp-json\/wp\/v2\/media\/33"}],"wp:attachment":[{"href":"https:\/\/elimpenetrable.org\/en\/wp-json\/wp\/v2\/media?parent=18"}],"curies":[{"name":"wp","href":"https:\/\/api.w.org\/{rel}","templated":true}]}}